{"id":12158,"date":"2016-07-01T07:05:16","date_gmt":"2016-07-01T07:05:16","guid":{"rendered":"http:\/\/variacurtainpoles.uk\/product\/profile-wood-fluted-with-a-pull-cord\/"},"modified":"2017-01-25T09:01:42","modified_gmt":"2017-01-25T09:01:42","slug":"profile-wood-fluted-with-a-pull-cord","status":"publish","type":"product","link":"https:\/\/variacurtainpoles.uk\/fr\/produit\/profile-wood-fluted-with-a-pull-cord\/","title":{"rendered":"Bois profil\u00e9 - cannel\u00e9 avec tirette"},"content":{"rendered":"<p>Tous nos accessoires en bois sont fabriqu\u00e9s \u00e0 partir de bois de for\u00eat fran\u00e7ais saisonniers, qui ont \u00e9t\u00e9 sculpt\u00e9s \u00e0 la main puis vieillis.<br \/>\nPour la finition s&#039;il vous pla\u00eet se r\u00e9f\u00e9rer \u00e0 nos finitions en bois.<\/p>\n<p><strong>Mat\u00e9riel: <\/strong>bois<strong><br \/>\nSurface: <\/strong>cannel\u00e9<strong><br \/>\nMod\u00e8le: <\/strong>cordon de tirrage possible<\/p>\n<p><strong>Diam\u00e8tre:<\/strong><\/p>\n<ul>\n<li><strong>\u00f8 40mm (2 1\/3 \u2033)<\/strong><br \/>\n- r\u00e9f. non. 074001<\/li>\n<\/ul>","protected":false},"excerpt":{"rendered":"<p>Tous nos accessoires en bois sont fabriqu\u00e9s \u00e0 partir de bois de for\u00eat fran\u00e7ais saisonniers, qui ont \u00e9t\u00e9 sculpt\u00e9s \u00e0 la main puis vieillis.<br \/>\nPour la finition s&#039;il vous pla\u00eet se r\u00e9f\u00e9rer \u00e0 nos finitions en bois.<\/p>\n<p><strong>Mat\u00e9riel: <\/strong>bois<strong><br \/>\nSurface: <\/strong>cannel\u00e9<strong><br \/>\nMod\u00e8le: <\/strong>cordon de tirrage possible<\/p>\n<p><strong>Diam\u00e8tre:<\/strong><\/p>\n<ul>\n<li><strong>\u00f8 40mm (2 1\/3 \u2033)<\/strong><br \/>\n- r\u00e9f. non. 074001<\/li>\n<\/ul>\n<p>&nbsp;<\/p>","protected":false},"featured_media":12137,"comment_status":"closed","ping_status":"closed","template":"","meta":[],"product_cat":[96,105,102],"product_tag":[99],"_links":{"self":[{"href":"https:\/\/variacurtainpoles.uk\/fr\/wp-json\/wp\/v2\/product\/12158"}],"collection":[{"href":"https:\/\/variacurtainpoles.uk\/fr\/wp-json\/wp\/v2\/product"}],"about":[{"href":"https:\/\/variacurtainpoles.uk\/fr\/wp-json\/wp\/v2\/types\/product"}],"replies":[{"embeddable":true,"href":"https:\/\/variacurtainpoles.uk\/fr\/wp-json\/wp\/v2\/comments?post=12158"}],"wp:featuredmedia":[{"embeddable":true,"href":"https:\/\/variacurtainpoles.uk\/fr\/wp-json\/wp\/v2\/media\/12137"}],"wp:attachment":[{"href":"https:\/\/variacurtainpoles.uk\/fr\/wp-json\/wp\/v2\/media?parent=12158"}],"wp:term":[{"taxonomy":"product_cat","embeddable":true,"href":"https:\/\/variacurtainpoles.uk\/fr\/wp-json\/wp\/v2\/product_cat?post=12158"},{"taxonomy":"product_tag","embeddable":true,"href":"https:\/\/variacurtainpoles.uk\/fr\/wp-json\/wp\/v2\/product_tag?post=12158"}],"curies":[{"name":"wp","href":"https:\/\/api.w.org\/{rel}","templated":true}]}}