{"id":12129,"date":"2016-06-30T07:31:31","date_gmt":"2016-06-30T07:31:31","guid":{"rendered":"http:\/\/variacurtainpoles.uk\/product\/24c\/"},"modified":"2020-05-27T08:35:09","modified_gmt":"2020-05-27T08:35:09","slug":"24c","status":"publish","type":"product","link":"https:\/\/variacurtainpoles.uk\/fr\/produit\/24c\/","title":{"rendered":"argent\u00e9 \u00e9maill\u00e9 24C"},"content":{"rendered":"<p>Tous nos accessoires en bois sont fabriqu\u00e9s \u00e0 partir de bois de for\u00eat fran\u00e7ais saisonniers, qui ont \u00e9t\u00e9 sculpt\u00e9s \u00e0 la main puis vieillis.<\/p>\n<p>Les produits en bois sont teints \u00e0 la main et cire ensuite patiner, ou bien dore avec des feulles d' dor.<\/p>\n<p>ABC = cat\u00e9gorie de prix<\/p>","protected":false},"excerpt":{"rendered":"<p>Tous nos accessoires en bois sont fabriqu\u00e9s \u00e0 partir de bois de for\u00eat fran\u00e7ais saisonniers, qui ont \u00e9t\u00e9 sculpt\u00e9s \u00e0 la main puis vieillis.<\/p>\n<p>Les produits en bois sont teints \u00e0 la main et cire ensuite patiner, ou bien dore avec des feulles d' dor.<\/p>\n<p>ABC = cat\u00e9gorie de prix<\/p>","protected":false},"featured_media":12079,"comment_status":"closed","ping_status":"closed","template":"","meta":[],"product_cat":[61,110],"product_tag":[95],"_links":{"self":[{"href":"https:\/\/variacurtainpoles.uk\/fr\/wp-json\/wp\/v2\/product\/12129"}],"collection":[{"href":"https:\/\/variacurtainpoles.uk\/fr\/wp-json\/wp\/v2\/product"}],"about":[{"href":"https:\/\/variacurtainpoles.uk\/fr\/wp-json\/wp\/v2\/types\/product"}],"replies":[{"embeddable":true,"href":"https:\/\/variacurtainpoles.uk\/fr\/wp-json\/wp\/v2\/comments?post=12129"}],"wp:featuredmedia":[{"embeddable":true,"href":"https:\/\/variacurtainpoles.uk\/fr\/wp-json\/wp\/v2\/media\/12079"}],"wp:attachment":[{"href":"https:\/\/variacurtainpoles.uk\/fr\/wp-json\/wp\/v2\/media?parent=12129"}],"wp:term":[{"taxonomy":"product_cat","embeddable":true,"href":"https:\/\/variacurtainpoles.uk\/fr\/wp-json\/wp\/v2\/product_cat?post=12129"},{"taxonomy":"product_tag","embeddable":true,"href":"https:\/\/variacurtainpoles.uk\/fr\/wp-json\/wp\/v2\/product_tag?post=12129"}],"curies":[{"name":"wp","href":"https:\/\/api.w.org\/{rel}","templated":true}]}}