{"id":12120,"date":"2016-06-30T07:17:06","date_gmt":"2016-06-30T07:17:06","guid":{"rendered":"http:\/\/variacurtainpoles.uk\/?post_type=product&#038;p=12120"},"modified":"2016-11-17T11:58:55","modified_gmt":"2016-11-17T11:58:55","slug":"red-and-gold-19c","status":"publish","type":"product","link":"https:\/\/variacurtainpoles.uk\/fr\/produit\/red-and-gold-19c\/","title":{"rendered":"Rouge et Or - 19C"},"content":{"rendered":"<p>Tous nos accessoires en bois sont fabriqu\u00e9s \u00e0 partir de bois de for\u00eat fran\u00e7ais saisonniers, qui ont \u00e9t\u00e9 sculpt\u00e9s \u00e0 la main puis vieillis.<\/p>\n<p>Les produits en bois sont teints \u00e0 la main et cire ensuite patiner, ou bien dore avec des feulles d' dor.<\/p>\n<p>ABC = cat\u00e9gorie de prix<\/p>","protected":false},"excerpt":{"rendered":"<p>Tous nos accessoires en bois sont fabriqu\u00e9s \u00e0 partir de bois de for\u00eat fran\u00e7ais saisonniers, qui ont \u00e9t\u00e9 sculpt\u00e9s \u00e0 la main puis vieillis.<\/p>\n<p>Les produits en bois sont teints \u00e0 la main et cire ensuite patiner, ou bien dore avec des feulles d' dor.<\/p>\n<p>ABC = cat\u00e9gorie de prix<\/p>","protected":false},"featured_media":12100,"comment_status":"closed","ping_status":"closed","template":"","meta":[],"product_cat":[61,110],"product_tag":[95],"_links":{"self":[{"href":"https:\/\/variacurtainpoles.uk\/fr\/wp-json\/wp\/v2\/product\/12120"}],"collection":[{"href":"https:\/\/variacurtainpoles.uk\/fr\/wp-json\/wp\/v2\/product"}],"about":[{"href":"https:\/\/variacurtainpoles.uk\/fr\/wp-json\/wp\/v2\/types\/product"}],"replies":[{"embeddable":true,"href":"https:\/\/variacurtainpoles.uk\/fr\/wp-json\/wp\/v2\/comments?post=12120"}],"wp:featuredmedia":[{"embeddable":true,"href":"https:\/\/variacurtainpoles.uk\/fr\/wp-json\/wp\/v2\/media\/12100"}],"wp:attachment":[{"href":"https:\/\/variacurtainpoles.uk\/fr\/wp-json\/wp\/v2\/media?parent=12120"}],"wp:term":[{"taxonomy":"product_cat","embeddable":true,"href":"https:\/\/variacurtainpoles.uk\/fr\/wp-json\/wp\/v2\/product_cat?post=12120"},{"taxonomy":"product_tag","embeddable":true,"href":"https:\/\/variacurtainpoles.uk\/fr\/wp-json\/wp\/v2\/product_tag?post=12120"}],"curies":[{"name":"wp","href":"https:\/\/api.w.org\/{rel}","templated":true}]}}