{"id":12112,"date":"2016-06-29T09:48:59","date_gmt":"2016-06-29T09:48:59","guid":{"rendered":"http:\/\/variacurtainpoles.uk\/?post_type=product&#038;p=12112"},"modified":"2020-05-27T16:42:45","modified_gmt":"2020-05-27T16:42:45","slug":"black-11b","status":"publish","type":"product","link":"https:\/\/variacurtainpoles.uk\/fr\/produit\/black-11b\/","title":{"rendered":"Noir vitr\u00e9 - 11B"},"content":{"rendered":"<p>Tous nos accessoires en bois sont fabriqu\u00e9s \u00e0 partir de bois de for\u00eat fran\u00e7ais saisonniers, qui ont \u00e9t\u00e9 sculpt\u00e9s \u00e0 la main puis vieillis.<\/p>\n<p>Les produits en bois sont teints \u00e0 la main et cire ensuite patiner, ou bien dore avec des feulles d' dor.<\/p>\n<p>ABC = cat\u00e9gorie de prix<\/p>","protected":false},"excerpt":{"rendered":"<p>Tous nos accessoires en bois sont fabriqu\u00e9s \u00e0 partir de bois de for\u00eat fran\u00e7ais saisonniers, qui ont \u00e9t\u00e9 sculpt\u00e9s \u00e0 la main puis vieillis.<\/p>\n<p>Les produits en bois sont teints \u00e0 la main et cire ensuite patiner, ou bien dore avec des feulles d' dor.<\/p>\n<p>ABC = cat\u00e9gorie de prix<\/p>","protected":false},"featured_media":12084,"comment_status":"closed","ping_status":"closed","template":"","meta":[],"product_cat":[61,110],"product_tag":[95],"_links":{"self":[{"href":"https:\/\/variacurtainpoles.uk\/fr\/wp-json\/wp\/v2\/product\/12112"}],"collection":[{"href":"https:\/\/variacurtainpoles.uk\/fr\/wp-json\/wp\/v2\/product"}],"about":[{"href":"https:\/\/variacurtainpoles.uk\/fr\/wp-json\/wp\/v2\/types\/product"}],"replies":[{"embeddable":true,"href":"https:\/\/variacurtainpoles.uk\/fr\/wp-json\/wp\/v2\/comments?post=12112"}],"wp:featuredmedia":[{"embeddable":true,"href":"https:\/\/variacurtainpoles.uk\/fr\/wp-json\/wp\/v2\/media\/12084"}],"wp:attachment":[{"href":"https:\/\/variacurtainpoles.uk\/fr\/wp-json\/wp\/v2\/media?parent=12112"}],"wp:term":[{"taxonomy":"product_cat","embeddable":true,"href":"https:\/\/variacurtainpoles.uk\/fr\/wp-json\/wp\/v2\/product_cat?post=12112"},{"taxonomy":"product_tag","embeddable":true,"href":"https:\/\/variacurtainpoles.uk\/fr\/wp-json\/wp\/v2\/product_tag?post=12112"}],"curies":[{"name":"wp","href":"https:\/\/api.w.org\/{rel}","templated":true}]}}