{"id":12064,"date":"2016-06-28T12:08:03","date_gmt":"2016-06-28T12:08:03","guid":{"rendered":"http:\/\/variacurtainpoles.uk\/?post_type=product&#038;p=12064"},"modified":"2022-06-16T09:10:37","modified_gmt":"2022-06-16T09:10:37","slug":"antique-come-1","status":"publish","type":"product","link":"https:\/\/variacurtainpoles.uk\/fr\/produit\/antique-come-1\/","title":{"rendered":"Antique Come - 1C"},"content":{"rendered":"<p>Tous nos accessoires en bois sont fabriqu\u00e9s \u00e0 partir de bois de for\u00eat fran\u00e7ais saisonniers, qui ont \u00e9t\u00e9 sculpt\u00e9s \u00e0 la main puis vieillis.<\/p>\n<p>Les produits en bois sont teints \u00e0 la main et cire ensuite patiner, ou bien dore avec des feulles d' dor.<\/p>\n<p>ABC = cat\u00e9gorie de prix<\/p>","protected":false},"excerpt":{"rendered":"<p>Tous nos accessoires en bois sont fabriqu\u00e9s \u00e0 partir de bois de for\u00eat fran\u00e7ais saisonniers, qui ont \u00e9t\u00e9 sculpt\u00e9s \u00e0 la main puis vieillis.<\/p>\n<p>Les produits en bois sont teints \u00e0 la main et cire ensuite patiner, ou bien dore avec des feulles d' dor.<\/p>\n<p>ABC = cat\u00e9gorie de prix<\/p>","protected":false},"featured_media":12069,"comment_status":"open","ping_status":"closed","template":"","meta":[],"product_cat":[61,110],"product_tag":[95],"_links":{"self":[{"href":"https:\/\/variacurtainpoles.uk\/fr\/wp-json\/wp\/v2\/product\/12064"}],"collection":[{"href":"https:\/\/variacurtainpoles.uk\/fr\/wp-json\/wp\/v2\/product"}],"about":[{"href":"https:\/\/variacurtainpoles.uk\/fr\/wp-json\/wp\/v2\/types\/product"}],"replies":[{"embeddable":true,"href":"https:\/\/variacurtainpoles.uk\/fr\/wp-json\/wp\/v2\/comments?post=12064"}],"wp:featuredmedia":[{"embeddable":true,"href":"https:\/\/variacurtainpoles.uk\/fr\/wp-json\/wp\/v2\/media\/12069"}],"wp:attachment":[{"href":"https:\/\/variacurtainpoles.uk\/fr\/wp-json\/wp\/v2\/media?parent=12064"}],"wp:term":[{"taxonomy":"product_cat","embeddable":true,"href":"https:\/\/variacurtainpoles.uk\/fr\/wp-json\/wp\/v2\/product_cat?post=12064"},{"taxonomy":"product_tag","embeddable":true,"href":"https:\/\/variacurtainpoles.uk\/fr\/wp-json\/wp\/v2\/product_tag?post=12064"}],"curies":[{"name":"wp","href":"https:\/\/api.w.org\/{rel}","templated":true}]}}