{"id":11967,"date":"2016-05-10T15:57:10","date_gmt":"2016-05-10T15:57:10","guid":{"rendered":"http:\/\/variacurtainpoles.uk\/product\/fleur-de-lys-1050\/"},"modified":"2016-11-17T12:14:27","modified_gmt":"2016-11-17T12:14:27","slug":"fleur-de-lys-1050","status":"publish","type":"product","link":"https:\/\/variacurtainpoles.uk\/fr\/produit\/fleur-de-lys-1050\/","title":{"rendered":"Fleur de Lys 1050"},"content":{"rendered":"<p>Nos produits sont fabriqu\u00e9s \u00e0 partir de mat\u00e9riaux nobel et enti\u00e8rement fabriqu\u00e9s \u00e0 la main.<br \/>\nLa finition sera faite sur mesure d'apres votre demande.<\/p>\n<p><strong>Photo de mat\u00e9riau \/ finition:<\/strong><br \/>\nTringle \u00e0 rideaux: bois, noyer<br \/>\nFinial: laiton, bronze antique<\/p>\n<p><strong>Tringle \u00e0 rideau \u00f8: <\/strong>40mm (1 1\/2 &quot;)<\/p>\n<p><strong>Embout L \/ H:<\/strong> 140\/80 mm<\/p>","protected":false},"excerpt":{"rendered":"<p>Nos produits sont fabriqu\u00e9s \u00e0 partir de mat\u00e9riaux nobel et enti\u00e8rement fabriqu\u00e9s \u00e0 la main.<br \/>\nLa finition sera faite sur mesure d'apres votre demande.<\/p>\n<p><strong>Photo de mat\u00e9riau \/ finition:<\/strong><br \/>\nTringle \u00e0 rideaux: bois, noyer<br \/>\nFinial: laiton, bronze antique<\/p>\n<p><strong>Tringle \u00e0 rideau \u00f8: <\/strong>40mm (1 1\/2 &quot;)<\/p>\n<p><strong>Embout L \/ H:<\/strong> 140\/80 mm<\/p>","protected":false},"featured_media":11968,"comment_status":"closed","ping_status":"closed","template":"","meta":[],"product_cat":[44,62,60],"product_tag":[92],"_links":{"self":[{"href":"https:\/\/variacurtainpoles.uk\/fr\/wp-json\/wp\/v2\/product\/11967"}],"collection":[{"href":"https:\/\/variacurtainpoles.uk\/fr\/wp-json\/wp\/v2\/product"}],"about":[{"href":"https:\/\/variacurtainpoles.uk\/fr\/wp-json\/wp\/v2\/types\/product"}],"replies":[{"embeddable":true,"href":"https:\/\/variacurtainpoles.uk\/fr\/wp-json\/wp\/v2\/comments?post=11967"}],"wp:featuredmedia":[{"embeddable":true,"href":"https:\/\/variacurtainpoles.uk\/fr\/wp-json\/wp\/v2\/media\/11968"}],"wp:attachment":[{"href":"https:\/\/variacurtainpoles.uk\/fr\/wp-json\/wp\/v2\/media?parent=11967"}],"wp:term":[{"taxonomy":"product_cat","embeddable":true,"href":"https:\/\/variacurtainpoles.uk\/fr\/wp-json\/wp\/v2\/product_cat?post=11967"},{"taxonomy":"product_tag","embeddable":true,"href":"https:\/\/variacurtainpoles.uk\/fr\/wp-json\/wp\/v2\/product_tag?post=11967"}],"curies":[{"name":"wp","href":"https:\/\/api.w.org\/{rel}","templated":true}]}}