{"id":11960,"date":"2016-04-10T14:33:45","date_gmt":"2016-04-10T14:33:45","guid":{"rendered":"http:\/\/variacurtainpoles.uk\/product\/schmiedeeisen-1528\/"},"modified":"2020-05-25T05:28:38","modified_gmt":"2020-05-25T05:28:38","slug":"schmiedeeisen-1528","status":"publish","type":"product","link":"https:\/\/variacurtainpoles.uk\/fr\/produit\/schmiedeeisen-1528\/","title":{"rendered":"Embout pour rideaux en fer 1528"},"content":{"rendered":"<p>Nos produits sont fabriqu\u00e9s \u00e0 partir de mat\u00e9riaux nobel et enti\u00e8rement fabriqu\u00e9s \u00e0 la main.<br \/>\nLa finition sera faite sur mesure d'apres votre demande.<\/p>\n<p><strong>Mat\u00e9riau \/ Finition Photo<\/strong><br \/>\nTringle \u00e0 rideau: fer forg\u00e9<br \/>\nEmbout: fer forg\u00e9<\/p>\n<p><strong>Tringle \u00e0 rideau \u00f8:<\/strong> 13mm (2 &quot;)<\/p>\n<p><strong>Embout L \/ H:<\/strong> 220 \/ 70mm<\/p>","protected":false},"excerpt":{"rendered":"<p>Nos produits sont fabriqu\u00e9s \u00e0 partir de mat\u00e9riaux nobel et enti\u00e8rement fabriqu\u00e9s \u00e0 la main.<br \/>\nLa finition sera faite sur mesure d'apres votre demande.<\/p>\n<p><strong>Mat\u00e9riau \/ Finition Photo<\/strong><br \/>\nTringle \u00e0 rideau: fer forg\u00e9<br \/>\nEmbout: fer forg\u00e9<\/p>\n<p><strong>Tringle \u00e0 rideau \u00f8:<\/strong> 13mm (2 &quot;)<\/p>\n<p><strong>Embout L \/ H:<\/strong> 220 \/ 70mm<\/p>","protected":false},"featured_media":11961,"comment_status":"closed","ping_status":"closed","template":"","meta":[],"product_cat":[44,78,88],"product_tag":[94],"_links":{"self":[{"href":"https:\/\/variacurtainpoles.uk\/fr\/wp-json\/wp\/v2\/product\/11960"}],"collection":[{"href":"https:\/\/variacurtainpoles.uk\/fr\/wp-json\/wp\/v2\/product"}],"about":[{"href":"https:\/\/variacurtainpoles.uk\/fr\/wp-json\/wp\/v2\/types\/product"}],"replies":[{"embeddable":true,"href":"https:\/\/variacurtainpoles.uk\/fr\/wp-json\/wp\/v2\/comments?post=11960"}],"wp:featuredmedia":[{"embeddable":true,"href":"https:\/\/variacurtainpoles.uk\/fr\/wp-json\/wp\/v2\/media\/11961"}],"wp:attachment":[{"href":"https:\/\/variacurtainpoles.uk\/fr\/wp-json\/wp\/v2\/media?parent=11960"}],"wp:term":[{"taxonomy":"product_cat","embeddable":true,"href":"https:\/\/variacurtainpoles.uk\/fr\/wp-json\/wp\/v2\/product_cat?post=11960"},{"taxonomy":"product_tag","embeddable":true,"href":"https:\/\/variacurtainpoles.uk\/fr\/wp-json\/wp\/v2\/product_tag?post=11960"}],"curies":[{"name":"wp","href":"https:\/\/api.w.org\/{rel}","templated":true}]}}