{"id":11958,"date":"2016-04-10T14:32:09","date_gmt":"2016-04-10T14:32:09","guid":{"rendered":"http:\/\/variacurtainpoles.uk\/product\/schmiedeeisen-1530\/"},"modified":"2020-05-25T05:27:56","modified_gmt":"2020-05-25T05:27:56","slug":"schmiedeeisen-1530","status":"publish","type":"product","link":"https:\/\/variacurtainpoles.uk\/fr\/produit\/schmiedeeisen-1530\/","title":{"rendered":"Embout pour rideaux en fer 1530"},"content":{"rendered":"<p><span class=\"red strong\">Nos produits sont fabriqu\u00e9s \u00e0 partir de mat\u00e9riaux nobel et enti\u00e8rement fabriqu\u00e9s \u00e0 la main.<br \/>\nLa finition sera faite sur mesure d'apres votre demande.<br \/>\n<\/span><\/p>\n<p><strong><span class=\"red strong\">Mat\u00e9riel \/ photo de finition<\/span><\/strong><br \/>\nTringle \u00e0 rideau: fer forg\u00e9<br \/>\nEmbout: fer forg\u00e9<\/p>\n<p><strong><span class=\"red strong\">Tringle \u00e0 rideau \u00f8: <\/span><\/strong>13mm (1\/2 &quot;)<\/p>\n<p><strong><span class=\"red strong\">Embout L \/ H:<\/span><\/strong> 220 \/ 70mm<\/p>","protected":false},"excerpt":{"rendered":"<p><span class=\"red strong\">Nos produits sont fabriqu\u00e9s \u00e0 partir de mat\u00e9riaux nobel et enti\u00e8rement fabriqu\u00e9s \u00e0 la main.<br \/>\nLa finition sera faite sur mesure d'apres votre demande.<br \/>\n<\/span><\/p>\n<p><strong><span class=\"red strong\">Mat\u00e9riel \/ photo de finition<\/span><\/strong><br \/>\nTringle \u00e0 rideau: fer forg\u00e9<br \/>\nEmbout: fer forg\u00e9<\/p>\n<p><strong><span class=\"red strong\">Tringle \u00e0 rideau \u00f8: <\/span><\/strong>13mm (1\/2 &quot;)<\/p>\n<p><strong><span class=\"red strong\">Embout L \/ H:<\/span><\/strong> 220 \/ 70mm<\/p>","protected":false},"featured_media":11959,"comment_status":"closed","ping_status":"closed","template":"","meta":[],"product_cat":[44,78,88],"product_tag":[94],"_links":{"self":[{"href":"https:\/\/variacurtainpoles.uk\/fr\/wp-json\/wp\/v2\/product\/11958"}],"collection":[{"href":"https:\/\/variacurtainpoles.uk\/fr\/wp-json\/wp\/v2\/product"}],"about":[{"href":"https:\/\/variacurtainpoles.uk\/fr\/wp-json\/wp\/v2\/types\/product"}],"replies":[{"embeddable":true,"href":"https:\/\/variacurtainpoles.uk\/fr\/wp-json\/wp\/v2\/comments?post=11958"}],"wp:featuredmedia":[{"embeddable":true,"href":"https:\/\/variacurtainpoles.uk\/fr\/wp-json\/wp\/v2\/media\/11959"}],"wp:attachment":[{"href":"https:\/\/variacurtainpoles.uk\/fr\/wp-json\/wp\/v2\/media?parent=11958"}],"wp:term":[{"taxonomy":"product_cat","embeddable":true,"href":"https:\/\/variacurtainpoles.uk\/fr\/wp-json\/wp\/v2\/product_cat?post=11958"},{"taxonomy":"product_tag","embeddable":true,"href":"https:\/\/variacurtainpoles.uk\/fr\/wp-json\/wp\/v2\/product_tag?post=11958"}],"curies":[{"name":"wp","href":"https:\/\/api.w.org\/{rel}","templated":true}]}}