{"id":11947,"date":"2016-05-10T11:46:35","date_gmt":"2016-05-10T11:46:35","guid":{"rendered":"http:\/\/variacurtainpoles.uk\/product\/ramshead-090104\/"},"modified":"2016-11-17T12:18:59","modified_gmt":"2016-11-17T12:18:59","slug":"ramshead-090104","status":"publish","type":"product","link":"https:\/\/variacurtainpoles.uk\/fr\/produit\/ramshead-090104\/","title":{"rendered":"Ramshead 090104"},"content":{"rendered":"<p>Nos produits sont fabriqu\u00e9s \u00e0 partir de mat\u00e9riaux nobel et enti\u00e8rement fabriqu\u00e9s \u00e0 la main.<br \/>\nLa finition sera faite sur mesure d'apres votre demande.<\/p>\n<p><strong>Mat\u00e9riau \/ Finition Photo:<\/strong><br \/>\nTringle \u00e0 rideaux: bois, noir<br \/>\nFinial: r\u00e9sine, melrose<\/p>\n<p><strong>Tringle \u00e0 rideau \u00f8:\u00a0<\/strong>60mm (2 1\/3 &quot;)<\/p>\n<p><strong>Embout L \/ H:<\/strong> 140 \/ 100mm<\/p>","protected":false},"excerpt":{"rendered":"<p>Nos produits sont fabriqu\u00e9s \u00e0 partir de mat\u00e9riaux nobel et enti\u00e8rement fabriqu\u00e9s \u00e0 la main.<br \/>\nLa finition sera faite sur mesure d'apres votre demande.<\/p>\n<p><strong>Mat\u00e9riau \/ Finition Photo:<\/strong><br \/>\nTringle \u00e0 rideaux: bois, noir<br \/>\nFinial: r\u00e9sine, melrose<\/p>\n<p><strong>Tringle \u00e0 rideau \u00f8:\u00a0<\/strong>60mm (2 1\/3 &quot;)<\/p>\n<p><strong>Embout L \/ H:<\/strong> 140 \/ 100mm<\/p>","protected":false},"featured_media":11948,"comment_status":"closed","ping_status":"closed","template":"","meta":[],"product_cat":[44,83,87],"product_tag":[93],"_links":{"self":[{"href":"https:\/\/variacurtainpoles.uk\/fr\/wp-json\/wp\/v2\/product\/11947"}],"collection":[{"href":"https:\/\/variacurtainpoles.uk\/fr\/wp-json\/wp\/v2\/product"}],"about":[{"href":"https:\/\/variacurtainpoles.uk\/fr\/wp-json\/wp\/v2\/types\/product"}],"replies":[{"embeddable":true,"href":"https:\/\/variacurtainpoles.uk\/fr\/wp-json\/wp\/v2\/comments?post=11947"}],"wp:featuredmedia":[{"embeddable":true,"href":"https:\/\/variacurtainpoles.uk\/fr\/wp-json\/wp\/v2\/media\/11948"}],"wp:attachment":[{"href":"https:\/\/variacurtainpoles.uk\/fr\/wp-json\/wp\/v2\/media?parent=11947"}],"wp:term":[{"taxonomy":"product_cat","embeddable":true,"href":"https:\/\/variacurtainpoles.uk\/fr\/wp-json\/wp\/v2\/product_cat?post=11947"},{"taxonomy":"product_tag","embeddable":true,"href":"https:\/\/variacurtainpoles.uk\/fr\/wp-json\/wp\/v2\/product_tag?post=11947"}],"curies":[{"name":"wp","href":"https:\/\/api.w.org\/{rel}","templated":true}]}}