{"id":11935,"date":"2016-05-10T10:09:11","date_gmt":"2016-05-10T10:09:11","guid":{"rendered":"http:\/\/variacurtainpoles.uk\/product\/petite-palmette-empire-1128\/"},"modified":"2016-11-17T12:24:36","modified_gmt":"2016-11-17T12:24:36","slug":"petite-palmette-empire-1128","status":"publish","type":"product","link":"https:\/\/variacurtainpoles.uk\/fr\/produit\/petite-palmette-empire-1128\/","title":{"rendered":"Petite Palmette Empire 1128"},"content":{"rendered":"<p>Nos produits sont fabriqu\u00e9s \u00e0 partir de mat\u00e9riaux nobel et enti\u00e8rement fabriqu\u00e9s \u00e0 la main.<br \/>\nLa finition sera faite sur mesure d'apres votre demande.<\/p>\n<p><strong>Photo de mat\u00e9riau \/ finition:<\/strong><br \/>\nTringle \u00e0 rideaux: bois, noir et or<br \/>\nFinial: laiton poli et verni<\/p>\n<p><strong>Tringle \u00e0 rideau \u00f8: <\/strong>40mm (1 1\/2 &quot;)<\/p>\n<p><strong>Embout L \/ H:<\/strong>\u00a0 125\/50 mm<\/p>","protected":false},"excerpt":{"rendered":"<p>Nos produits sont fabriqu\u00e9s \u00e0 partir de mat\u00e9riaux nobel et enti\u00e8rement fabriqu\u00e9s \u00e0 la main.<br \/>\nLa finition sera faite sur mesure d'apres votre demande.<\/p>\n<p><strong>Photo de mat\u00e9riau \/ finition:<\/strong><br \/>\nTringle \u00e0 rideaux: bois, noir et or<br \/>\nFinial: laiton poli et verni<\/p>\n<p><strong>Tringle \u00e0 rideau \u00f8: <\/strong>40mm (1 1\/2 &quot;)<\/p>\n<p><strong>Embout L \/ H:<\/strong>\u00a0 125\/50 mm<\/p>","protected":false},"featured_media":11936,"comment_status":"closed","ping_status":"closed","template":"","meta":[],"product_cat":[44,62,60],"product_tag":[92],"_links":{"self":[{"href":"https:\/\/variacurtainpoles.uk\/fr\/wp-json\/wp\/v2\/product\/11935"}],"collection":[{"href":"https:\/\/variacurtainpoles.uk\/fr\/wp-json\/wp\/v2\/product"}],"about":[{"href":"https:\/\/variacurtainpoles.uk\/fr\/wp-json\/wp\/v2\/types\/product"}],"replies":[{"embeddable":true,"href":"https:\/\/variacurtainpoles.uk\/fr\/wp-json\/wp\/v2\/comments?post=11935"}],"wp:featuredmedia":[{"embeddable":true,"href":"https:\/\/variacurtainpoles.uk\/fr\/wp-json\/wp\/v2\/media\/11936"}],"wp:attachment":[{"href":"https:\/\/variacurtainpoles.uk\/fr\/wp-json\/wp\/v2\/media?parent=11935"}],"wp:term":[{"taxonomy":"product_cat","embeddable":true,"href":"https:\/\/variacurtainpoles.uk\/fr\/wp-json\/wp\/v2\/product_cat?post=11935"},{"taxonomy":"product_tag","embeddable":true,"href":"https:\/\/variacurtainpoles.uk\/fr\/wp-json\/wp\/v2\/product_tag?post=11935"}],"curies":[{"name":"wp","href":"https:\/\/api.w.org\/{rel}","templated":true}]}}