{"id":11925,"date":"2016-05-10T10:01:43","date_gmt":"2016-05-10T10:01:43","guid":{"rendered":"http:\/\/variacurtainpoles.uk\/product\/palmette-exotique-1133\/"},"modified":"2016-11-17T12:30:56","modified_gmt":"2016-11-17T12:30:56","slug":"palmette-exotique-1133","status":"publish","type":"product","link":"https:\/\/variacurtainpoles.uk\/fr\/produit\/palmette-exotique-1133\/","title":{"rendered":"Palmette Exotique 1133"},"content":{"rendered":"<p>Nos produits sont fabriqu\u00e9s \u00e0 partir de mat\u00e9riaux nobel et enti\u00e8rement fabriqu\u00e9s \u00e0 la main.<br \/>\nLa finition sera faite sur mesure d'apres votre demande.<\/p>\n<p><strong>Mat\u00e9riel \/ photo de finition<\/strong><br \/>\nTringle \u00e0 rideaux: bois, ch\u00eane antique<br \/>\nFinial: laiton, patine antique<\/p>\n<p><strong>Tringle \u00e0 rideau \u00f8: <\/strong>50mm (2 &quot;)<\/p>\n<p><strong>Embout L \/ H:\u00a0<\/strong>140\/80 mm<\/p>","protected":false},"excerpt":{"rendered":"<p>Nos produits sont fabriqu\u00e9s \u00e0 partir de mat\u00e9riaux nobel et enti\u00e8rement fabriqu\u00e9s \u00e0 la main.<br \/>\nLa finition sera faite sur mesure d'apres votre demande.<\/p>\n<p><strong>Mat\u00e9riel \/ photo de finition<\/strong><br \/>\nTringle \u00e0 rideaux: bois, ch\u00eane antique<br \/>\nFinial: laiton, patine antique<\/p>\n<p><strong>Tringle \u00e0 rideau \u00f8: <\/strong>50mm (2 &quot;)<\/p>\n<p><strong>Embout L \/ H:\u00a0<\/strong>140\/80 mm<\/p>","protected":false},"featured_media":11926,"comment_status":"closed","ping_status":"closed","template":"","meta":[],"product_cat":[44,62,56],"product_tag":[92],"_links":{"self":[{"href":"https:\/\/variacurtainpoles.uk\/fr\/wp-json\/wp\/v2\/product\/11925"}],"collection":[{"href":"https:\/\/variacurtainpoles.uk\/fr\/wp-json\/wp\/v2\/product"}],"about":[{"href":"https:\/\/variacurtainpoles.uk\/fr\/wp-json\/wp\/v2\/types\/product"}],"replies":[{"embeddable":true,"href":"https:\/\/variacurtainpoles.uk\/fr\/wp-json\/wp\/v2\/comments?post=11925"}],"wp:featuredmedia":[{"embeddable":true,"href":"https:\/\/variacurtainpoles.uk\/fr\/wp-json\/wp\/v2\/media\/11926"}],"wp:attachment":[{"href":"https:\/\/variacurtainpoles.uk\/fr\/wp-json\/wp\/v2\/media?parent=11925"}],"wp:term":[{"taxonomy":"product_cat","embeddable":true,"href":"https:\/\/variacurtainpoles.uk\/fr\/wp-json\/wp\/v2\/product_cat?post=11925"},{"taxonomy":"product_tag","embeddable":true,"href":"https:\/\/variacurtainpoles.uk\/fr\/wp-json\/wp\/v2\/product_tag?post=11925"}],"curies":[{"name":"wp","href":"https:\/\/api.w.org\/{rel}","templated":true}]}}