{"id":11919,"date":"2016-05-10T09:53:47","date_gmt":"2016-05-10T09:53:47","guid":{"rendered":"http:\/\/variacurtainpoles.uk\/product\/louis-xvi-mixed-nickel-3400-n\/"},"modified":"2016-11-17T12:34:36","modified_gmt":"2016-11-17T12:34:36","slug":"louis-xvi-mixed-nickel-3400-n","status":"publish","type":"product","link":"https:\/\/variacurtainpoles.uk\/fr\/produit\/louis-xvi-mixed-nickel-3400-n\/","title":{"rendered":"Louis XVI Nickel M\u00e9lang\u00e9 3400N"},"content":{"rendered":"<p>Nos produits sont fabriqu\u00e9s \u00e0 partir de mat\u00e9riaux nobel et enti\u00e8rement fabriqu\u00e9s \u00e0 la main.<br \/>\nLa finition sera faite sur mesure d'apres votre demande.<\/p>\n<p><strong>Mat\u00e9riel \/ photo de finition<\/strong><br \/>\nTringle \u00e0 rideaux: bois, noir<br \/>\nFinial: Mixte: laiton, nickel brillant \/ bois, noir<\/p>\n<p><strong>Tringle \u00e0 rideau \u00f8: <\/strong>40mm (1 1\/2 &quot;)<\/p>\n<p><strong>Embout L \/ H:\u00a0<\/strong>110\/60 mm<\/p>","protected":false},"excerpt":{"rendered":"<p>Nos produits sont fabriqu\u00e9s \u00e0 partir de mat\u00e9riaux nobel et enti\u00e8rement fabriqu\u00e9s \u00e0 la main.<br \/>\nLa finition sera faite sur mesure d'apres votre demande.<\/p>\n<p><strong>Mat\u00e9riel \/ photo de finition<\/strong><br \/>\nTringle \u00e0 rideaux: bois, noir<br \/>\nFinial: Mixte: laiton, nickel brillant \/ bois, noir<\/p>\n<p><strong>Tringle \u00e0 rideau \u00f8: <\/strong>40mm (1 1\/2 &quot;)<\/p>\n<p><strong>Embout L \/ H:\u00a0<\/strong>110\/60 mm<\/p>","protected":false},"featured_media":11920,"comment_status":"closed","ping_status":"closed","template":"","meta":[],"product_cat":[44,54,62,60],"product_tag":[93],"_links":{"self":[{"href":"https:\/\/variacurtainpoles.uk\/fr\/wp-json\/wp\/v2\/product\/11919"}],"collection":[{"href":"https:\/\/variacurtainpoles.uk\/fr\/wp-json\/wp\/v2\/product"}],"about":[{"href":"https:\/\/variacurtainpoles.uk\/fr\/wp-json\/wp\/v2\/types\/product"}],"replies":[{"embeddable":true,"href":"https:\/\/variacurtainpoles.uk\/fr\/wp-json\/wp\/v2\/comments?post=11919"}],"wp:featuredmedia":[{"embeddable":true,"href":"https:\/\/variacurtainpoles.uk\/fr\/wp-json\/wp\/v2\/media\/11920"}],"wp:attachment":[{"href":"https:\/\/variacurtainpoles.uk\/fr\/wp-json\/wp\/v2\/media?parent=11919"}],"wp:term":[{"taxonomy":"product_cat","embeddable":true,"href":"https:\/\/variacurtainpoles.uk\/fr\/wp-json\/wp\/v2\/product_cat?post=11919"},{"taxonomy":"product_tag","embeddable":true,"href":"https:\/\/variacurtainpoles.uk\/fr\/wp-json\/wp\/v2\/product_tag?post=11919"}],"curies":[{"name":"wp","href":"https:\/\/api.w.org\/{rel}","templated":true}]}}