{"id":11917,"date":"2016-05-10T09:52:47","date_gmt":"2016-05-10T09:52:47","guid":{"rendered":"http:\/\/variacurtainpoles.uk\/product\/louis-xvi-mixed-3400\/"},"modified":"2016-11-17T12:35:22","modified_gmt":"2016-11-17T12:35:22","slug":"louis-xvi-mixed-3400","status":"publish","type":"product","link":"https:\/\/variacurtainpoles.uk\/fr\/produit\/louis-xvi-mixed-3400\/","title":{"rendered":"Louis XVI Mixte 3400"},"content":{"rendered":"<p>Nos produits sont fabriqu\u00e9s \u00e0 partir de mat\u00e9riaux nobel et enti\u00e8rement fabriqu\u00e9s \u00e0 la main.<br \/>\nLa finition sera faite sur mesure d'apres votre demande.<\/p>\n<p><strong>Mat\u00e9riel \/ photo de finition<\/strong><br \/>\nTringle \u00e0 rideaux: bois, mahagony fonc\u00e9<br \/>\nFinial: Mixte: laiton, poli et vernis \/ bois, mahagony fonc\u00e9<\/p>\n<p><strong>Tringle \u00e0 rideau \u00f8: <\/strong>40mm (1 1\/2 &quot;)<\/p>\n<p><strong>Embout L \/ H:\u00a0<\/strong>110\/60 mm<\/p>","protected":false},"excerpt":{"rendered":"<p>Nos produits sont fabriqu\u00e9s \u00e0 partir de mat\u00e9riaux nobel et enti\u00e8rement fabriqu\u00e9s \u00e0 la main.<br \/>\nLa finition sera faite sur mesure d'apres votre demande.<\/p>\n<p><strong>Mat\u00e9riel \/ photo de finition<\/strong><br \/>\nTringle \u00e0 rideaux: bois, mahagony fonc\u00e9<br \/>\nFinial: Mixte: laiton, poli et vernis \/ bois, mahagony fonc\u00e9<\/p>\n<p><strong>Tringle \u00e0 rideau \u00f8: <\/strong>40mm (1 1\/2 &quot;)<\/p>\n<p><strong>Embout L \/ H:\u00a0<\/strong>110\/60 mm<\/p>","protected":false},"featured_media":11918,"comment_status":"closed","ping_status":"closed","template":"","meta":[],"product_cat":[44,54,62,60],"product_tag":[92],"_links":{"self":[{"href":"https:\/\/variacurtainpoles.uk\/fr\/wp-json\/wp\/v2\/product\/11917"}],"collection":[{"href":"https:\/\/variacurtainpoles.uk\/fr\/wp-json\/wp\/v2\/product"}],"about":[{"href":"https:\/\/variacurtainpoles.uk\/fr\/wp-json\/wp\/v2\/types\/product"}],"replies":[{"embeddable":true,"href":"https:\/\/variacurtainpoles.uk\/fr\/wp-json\/wp\/v2\/comments?post=11917"}],"wp:featuredmedia":[{"embeddable":true,"href":"https:\/\/variacurtainpoles.uk\/fr\/wp-json\/wp\/v2\/media\/11918"}],"wp:attachment":[{"href":"https:\/\/variacurtainpoles.uk\/fr\/wp-json\/wp\/v2\/media?parent=11917"}],"wp:term":[{"taxonomy":"product_cat","embeddable":true,"href":"https:\/\/variacurtainpoles.uk\/fr\/wp-json\/wp\/v2\/product_cat?post=11917"},{"taxonomy":"product_tag","embeddable":true,"href":"https:\/\/variacurtainpoles.uk\/fr\/wp-json\/wp\/v2\/product_tag?post=11917"}],"curies":[{"name":"wp","href":"https:\/\/api.w.org\/{rel}","templated":true}]}}