{"id":11903,"date":"2016-05-10T09:42:45","date_gmt":"2016-05-10T09:42:45","guid":{"rendered":"http:\/\/variacurtainpoles.uk\/product\/louis-xiv-070337\/"},"modified":"2016-11-17T12:41:52","modified_gmt":"2016-11-17T12:41:52","slug":"louis-xiv-070337","status":"publish","type":"product","link":"https:\/\/variacurtainpoles.uk\/fr\/produit\/louis-xiv-070337\/","title":{"rendered":"Louis XIV 070337"},"content":{"rendered":"<p>Nos produits sont fabriqu\u00e9s \u00e0 partir de mat\u00e9riaux nobel et enti\u00e8rement fabriqu\u00e9s \u00e0 la main.<br \/>\nLa finition sera faite sur mesure d'apres votre demande.<\/p>\n<p><strong>Mat\u00e9riau \/ Finition Photo:<\/strong><br \/>\nTringle \u00e0 rideaux: bois, mahagony clair<br \/>\nFinial: bois, mahagony clair<\/p>\n<p><strong>Tringle \u00e0 rideau \u00f8: <\/strong>40mm (1 1\/2 &quot;)<\/p>\n<p><strong>Embout L \/ H:<\/strong> 110\/70 mm<\/p>","protected":false},"excerpt":{"rendered":"<p>Nos produits sont fabriqu\u00e9s \u00e0 partir de mat\u00e9riaux nobel et enti\u00e8rement fabriqu\u00e9s \u00e0 la main.<br \/>\nLa finition sera faite sur mesure d'apres votre demande.<\/p>\n<p><strong>Mat\u00e9riau \/ Finition Photo:<\/strong><br \/>\nTringle \u00e0 rideaux: bois, mahagony clair<br \/>\nFinial: bois, mahagony clair<\/p>\n<p><strong>Tringle \u00e0 rideau \u00f8: <\/strong>40mm (1 1\/2 &quot;)<\/p>\n<p><strong>Embout L \/ H:<\/strong> 110\/70 mm<\/p>","protected":false},"featured_media":11904,"comment_status":"closed","ping_status":"closed","template":"","meta":[],"product_cat":[44,54,60],"product_tag":[91],"_links":{"self":[{"href":"https:\/\/variacurtainpoles.uk\/fr\/wp-json\/wp\/v2\/product\/11903"}],"collection":[{"href":"https:\/\/variacurtainpoles.uk\/fr\/wp-json\/wp\/v2\/product"}],"about":[{"href":"https:\/\/variacurtainpoles.uk\/fr\/wp-json\/wp\/v2\/types\/product"}],"replies":[{"embeddable":true,"href":"https:\/\/variacurtainpoles.uk\/fr\/wp-json\/wp\/v2\/comments?post=11903"}],"wp:featuredmedia":[{"embeddable":true,"href":"https:\/\/variacurtainpoles.uk\/fr\/wp-json\/wp\/v2\/media\/11904"}],"wp:attachment":[{"href":"https:\/\/variacurtainpoles.uk\/fr\/wp-json\/wp\/v2\/media?parent=11903"}],"wp:term":[{"taxonomy":"product_cat","embeddable":true,"href":"https:\/\/variacurtainpoles.uk\/fr\/wp-json\/wp\/v2\/product_cat?post=11903"},{"taxonomy":"product_tag","embeddable":true,"href":"https:\/\/variacurtainpoles.uk\/fr\/wp-json\/wp\/v2\/product_tag?post=11903"}],"curies":[{"name":"wp","href":"https:\/\/api.w.org\/{rel}","templated":true}]}}