{"id":11901,"date":"2016-05-10T09:41:13","date_gmt":"2016-05-10T09:41:13","guid":{"rendered":"http:\/\/variacurtainpoles.uk\/product\/large-louis-xvi-1070\/"},"modified":"2016-11-17T12:42:56","modified_gmt":"2016-11-17T12:42:56","slug":"large-louis-xvi-1070","status":"publish","type":"product","link":"https:\/\/variacurtainpoles.uk\/fr\/produit\/large-louis-xvi-1070\/","title":{"rendered":"Grand Louis XVI 1070"},"content":{"rendered":"<p>Nos produits sont fabriqu\u00e9s \u00e0 partir de mat\u00e9riaux nobel et enti\u00e8rement fabriqu\u00e9s \u00e0 la main.<br \/>\nLa finition sera faite sur mesure d'apres votre demande.<\/p>\n<p><strong>Mat\u00e9riau \/ Finition Photo:<\/strong><br \/>\nTringle \u00e0 rideau: laiton poli et verni<br \/>\nFinial: laiton, patine antique<\/p>\n<p><strong>Tringle \u00e0 rideau \u00f8:<\/strong>\u00a050mm (2 &quot;)<\/p>\n<p><strong>Embout L \/ H:<\/strong> 150 \/ 80mm<\/p>","protected":false},"excerpt":{"rendered":"<p>Nos produits sont fabriqu\u00e9s \u00e0 partir de mat\u00e9riaux nobel et enti\u00e8rement fabriqu\u00e9s \u00e0 la main.<br \/>\nLa finition sera faite sur mesure d'apres votre demande.<\/p>\n<p><strong>Mat\u00e9riau \/ Finition Photo:<\/strong><br \/>\nTringle \u00e0 rideau: laiton poli et verni<br \/>\nFinial: laiton, patine antique<\/p>\n<p><strong>Tringle \u00e0 rideau \u00f8:<\/strong>\u00a050mm (2 &quot;)<\/p>\n<p><strong>Embout L \/ H:<\/strong> 150 \/ 80mm<\/p>","protected":false},"featured_media":11902,"comment_status":"closed","ping_status":"closed","template":"","meta":[],"product_cat":[44,62,56],"product_tag":[92],"_links":{"self":[{"href":"https:\/\/variacurtainpoles.uk\/fr\/wp-json\/wp\/v2\/product\/11901"}],"collection":[{"href":"https:\/\/variacurtainpoles.uk\/fr\/wp-json\/wp\/v2\/product"}],"about":[{"href":"https:\/\/variacurtainpoles.uk\/fr\/wp-json\/wp\/v2\/types\/product"}],"replies":[{"embeddable":true,"href":"https:\/\/variacurtainpoles.uk\/fr\/wp-json\/wp\/v2\/comments?post=11901"}],"wp:featuredmedia":[{"embeddable":true,"href":"https:\/\/variacurtainpoles.uk\/fr\/wp-json\/wp\/v2\/media\/11902"}],"wp:attachment":[{"href":"https:\/\/variacurtainpoles.uk\/fr\/wp-json\/wp\/v2\/media?parent=11901"}],"wp:term":[{"taxonomy":"product_cat","embeddable":true,"href":"https:\/\/variacurtainpoles.uk\/fr\/wp-json\/wp\/v2\/product_cat?post=11901"},{"taxonomy":"product_tag","embeddable":true,"href":"https:\/\/variacurtainpoles.uk\/fr\/wp-json\/wp\/v2\/product_tag?post=11901"}],"curies":[{"name":"wp","href":"https:\/\/api.w.org\/{rel}","templated":true}]}}