{"id":11896,"date":"2016-05-10T09:36:35","date_gmt":"2016-05-10T09:36:35","guid":{"rendered":"http:\/\/variacurtainpoles.uk\/product\/knot-090125\/"},"modified":"2016-11-17T12:44:25","modified_gmt":"2016-11-17T12:44:25","slug":"knot-090125","status":"publish","type":"product","link":"https:\/\/variacurtainpoles.uk\/fr\/produit\/knot-090125\/","title":{"rendered":"Noeud 090125"},"content":{"rendered":"<div class=\"post-content\">\n<div class=\"post-content\">\n<p>Nos produits sont fabriqu\u00e9s \u00e0 partir de mat\u00e9riaux nobel et enti\u00e8rement fabriqu\u00e9s \u00e0 la main.<br \/>\nLa finition sera faite sur mesure d'apres votre demande.<\/p>\n<p><strong>Mat\u00e9riau \/ Finition Photo:<\/strong><br \/>\nTringle \u00e0 rideaux: bois, or rouge<br \/>\nFinial: r\u00e9sine<\/p>\n<p><strong>Tringle \u00e0 rideau \u00f8:<\/strong>\u00a050mm (2 &quot;)<\/p>\n<p><strong>Embout L \/ H:<\/strong> 140 \/ 100mm<\/p>\n<\/div>\n<\/div>","protected":false},"excerpt":{"rendered":"<div class=\"post-content\">\n<div class=\"post-content\">\n<p>Nos produits sont fabriqu\u00e9s \u00e0 partir de mat\u00e9riaux nobel et enti\u00e8rement fabriqu\u00e9s \u00e0 la main.<br \/>\nLa finition sera faite sur mesure d'apres votre demande.<\/p>\n<p><strong>Mat\u00e9riau \/ Finition Photo:<\/strong><br \/>\nTringle \u00e0 rideaux: bois, or rouge<br \/>\nFinial: r\u00e9sine<\/p>\n<p><strong>Tringle \u00e0 rideau \u00f8:<\/strong>\u00a050mm (2 &quot;)<\/p>\n<p><strong>Embout L \/ H:<\/strong> 140 \/ 100mm<\/p>\n<\/div>\n<\/div>","protected":false},"featured_media":11898,"comment_status":"closed","ping_status":"closed","template":"","meta":[],"product_cat":[44,83,56],"product_tag":[93],"_links":{"self":[{"href":"https:\/\/variacurtainpoles.uk\/fr\/wp-json\/wp\/v2\/product\/11896"}],"collection":[{"href":"https:\/\/variacurtainpoles.uk\/fr\/wp-json\/wp\/v2\/product"}],"about":[{"href":"https:\/\/variacurtainpoles.uk\/fr\/wp-json\/wp\/v2\/types\/product"}],"replies":[{"embeddable":true,"href":"https:\/\/variacurtainpoles.uk\/fr\/wp-json\/wp\/v2\/comments?post=11896"}],"wp:featuredmedia":[{"embeddable":true,"href":"https:\/\/variacurtainpoles.uk\/fr\/wp-json\/wp\/v2\/media\/11898"}],"wp:attachment":[{"href":"https:\/\/variacurtainpoles.uk\/fr\/wp-json\/wp\/v2\/media?parent=11896"}],"wp:term":[{"taxonomy":"product_cat","embeddable":true,"href":"https:\/\/variacurtainpoles.uk\/fr\/wp-json\/wp\/v2\/product_cat?post=11896"},{"taxonomy":"product_tag","embeddable":true,"href":"https:\/\/variacurtainpoles.uk\/fr\/wp-json\/wp\/v2\/product_tag?post=11896"}],"curies":[{"name":"wp","href":"https:\/\/api.w.org\/{rel}","templated":true}]}}