{"id":11892,"date":"2016-05-10T09:33:11","date_gmt":"2016-05-10T09:33:11","guid":{"rendered":"http:\/\/variacurtainpoles.uk\/product\/grappe-de-raisins-2149\/"},"modified":"2016-11-17T12:47:03","modified_gmt":"2016-11-17T12:47:03","slug":"grappe-de-raisins-2149","status":"publish","type":"product","link":"https:\/\/variacurtainpoles.uk\/fr\/produit\/grappe-de-raisins-2149\/","title":{"rendered":"Grappe de Raisins 2149"},"content":{"rendered":"<p>Nos produits sont fabriqu\u00e9s \u00e0 partir de mat\u00e9riaux nobel et enti\u00e8rement fabriqu\u00e9s \u00e0 la main.<br \/>\nLa finition sera faite sur mesure d'apres votre demande.<\/p>\n<p><strong>Mat\u00e9riau \/ Finition Photo:<\/strong><br \/>\nTringle \u00e0 rideaux: bois, ch\u00eane<br \/>\nFinial: laiton, patine antique<\/p>\n<p><strong>Tringle \u00e0 rideau \u00f8:<\/strong> 20mm (4\/5 \u2033)<\/p>\n<p><strong>Embout L \/ H:<\/strong> 35\/25 mm<\/p>","protected":false},"excerpt":{"rendered":"<p>Nos produits sont fabriqu\u00e9s \u00e0 partir de mat\u00e9riaux nobel et enti\u00e8rement fabriqu\u00e9s \u00e0 la main.<br \/>\nLa finition sera faite sur mesure d'apres votre demande.<\/p>\n<p><strong>Mat\u00e9riau \/ Finition Photo:<\/strong><br \/>\nTringle \u00e0 rideaux: bois, ch\u00eane<br \/>\nFinial: laiton, patine antique<\/p>\n<p><strong>Tringle \u00e0 rideau \u00f8:<\/strong> 20mm (4\/5 \u2033)<\/p>\n<p><strong>Embout L \/ H:<\/strong> 35\/25 mm<\/p>","protected":false},"featured_media":11890,"comment_status":"closed","ping_status":"closed","template":"","meta":[],"product_cat":[44,62,85],"product_tag":[92],"_links":{"self":[{"href":"https:\/\/variacurtainpoles.uk\/fr\/wp-json\/wp\/v2\/product\/11892"}],"collection":[{"href":"https:\/\/variacurtainpoles.uk\/fr\/wp-json\/wp\/v2\/product"}],"about":[{"href":"https:\/\/variacurtainpoles.uk\/fr\/wp-json\/wp\/v2\/types\/product"}],"replies":[{"embeddable":true,"href":"https:\/\/variacurtainpoles.uk\/fr\/wp-json\/wp\/v2\/comments?post=11892"}],"wp:featuredmedia":[{"embeddable":true,"href":"https:\/\/variacurtainpoles.uk\/fr\/wp-json\/wp\/v2\/media\/11890"}],"wp:attachment":[{"href":"https:\/\/variacurtainpoles.uk\/fr\/wp-json\/wp\/v2\/media?parent=11892"}],"wp:term":[{"taxonomy":"product_cat","embeddable":true,"href":"https:\/\/variacurtainpoles.uk\/fr\/wp-json\/wp\/v2\/product_cat?post=11892"},{"taxonomy":"product_tag","embeddable":true,"href":"https:\/\/variacurtainpoles.uk\/fr\/wp-json\/wp\/v2\/product_tag?post=11892"}],"curies":[{"name":"wp","href":"https:\/\/api.w.org\/{rel}","templated":true}]}}