{"id":11875,"date":"2016-05-09T20:23:06","date_gmt":"2016-05-09T20:23:06","guid":{"rendered":"http:\/\/variacurtainpoles.uk\/product\/gland-1113\/"},"modified":"2016-11-17T12:50:47","modified_gmt":"2016-11-17T12:50:47","slug":"gland-1113","status":"publish","type":"product","link":"https:\/\/variacurtainpoles.uk\/fr\/produit\/gland-1113\/","title":{"rendered":"Gland 1113"},"content":{"rendered":"<p>Nos produits sont fabriqu\u00e9s \u00e0 partir de mat\u00e9riaux nobel et enti\u00e8rement fabriqu\u00e9s \u00e0 la main.<br \/>\nLa finition sera faite sur mesure d'apres votre demande.<\/p>\n<p><strong>Mat\u00e9riau \/ Finition Photo:<\/strong><br \/>\nTringle \u00e0 rideau: laiton poli et verni<br \/>\nFinial: laiton poli et verni<\/p>\n<p><strong>Tringle \u00e0 rideau \u00f8:<\/strong> 40mm (1 1\/2 &quot;)<\/p>\n<p><strong>Embout L \/ H:<\/strong> 85\/55 mm<\/p>","protected":false},"excerpt":{"rendered":"<p>Nos produits sont fabriqu\u00e9s \u00e0 partir de mat\u00e9riaux nobel et enti\u00e8rement fabriqu\u00e9s \u00e0 la main.<br \/>\nLa finition sera faite sur mesure d'apres votre demande.<\/p>\n<p><strong>Mat\u00e9riau \/ Finition Photo:<\/strong><br \/>\nTringle \u00e0 rideau: laiton poli et verni<br \/>\nFinial: laiton poli et verni<\/p>\n<p><strong>Tringle \u00e0 rideau \u00f8:<\/strong> 40mm (1 1\/2 &quot;)<\/p>\n<p><strong>Embout L \/ H:<\/strong> 85\/55 mm<\/p>","protected":false},"featured_media":11876,"comment_status":"closed","ping_status":"closed","template":"","meta":[],"product_cat":[44,62,60],"product_tag":[92],"_links":{"self":[{"href":"https:\/\/variacurtainpoles.uk\/fr\/wp-json\/wp\/v2\/product\/11875"}],"collection":[{"href":"https:\/\/variacurtainpoles.uk\/fr\/wp-json\/wp\/v2\/product"}],"about":[{"href":"https:\/\/variacurtainpoles.uk\/fr\/wp-json\/wp\/v2\/types\/product"}],"replies":[{"embeddable":true,"href":"https:\/\/variacurtainpoles.uk\/fr\/wp-json\/wp\/v2\/comments?post=11875"}],"wp:featuredmedia":[{"embeddable":true,"href":"https:\/\/variacurtainpoles.uk\/fr\/wp-json\/wp\/v2\/media\/11876"}],"wp:attachment":[{"href":"https:\/\/variacurtainpoles.uk\/fr\/wp-json\/wp\/v2\/media?parent=11875"}],"wp:term":[{"taxonomy":"product_cat","embeddable":true,"href":"https:\/\/variacurtainpoles.uk\/fr\/wp-json\/wp\/v2\/product_cat?post=11875"},{"taxonomy":"product_tag","embeddable":true,"href":"https:\/\/variacurtainpoles.uk\/fr\/wp-json\/wp\/v2\/product_tag?post=11875"}],"curies":[{"name":"wp","href":"https:\/\/api.w.org\/{rel}","templated":true}]}}