{"id":11873,"date":"2016-05-09T20:20:24","date_gmt":"2016-05-09T20:20:24","guid":{"rendered":"http:\/\/variacurtainpoles.uk\/product\/fleche-et-plume-1120-2\/"},"modified":"2016-11-17T12:51:30","modified_gmt":"2016-11-17T12:51:30","slug":"fleche-et-plume-1120-2","status":"publish","type":"product","link":"https:\/\/variacurtainpoles.uk\/fr\/produit\/fleche-et-plume-1120-2\/","title":{"rendered":"Fleche et Plume 1120"},"content":{"rendered":"<p>Nos produits sont fabriqu\u00e9s \u00e0 partir de mat\u00e9riaux nobel et enti\u00e8rement fabriqu\u00e9s \u00e0 la main.<br \/>\nLa finition sera faite sur mesure d'apres votre demande.<\/p>\n<p><strong>Mat\u00e9riel \/ photo de finition<\/strong><br \/>\nTringle \u00e0 rideaux: bois, mahagony fonc\u00e9<br \/>\nFinial: laiton poli et verni<\/p>\n<p><strong>Tringle \u00e0 rideau \u00f8:<\/strong>50mm (2 &quot;)<\/p>\n<p><strong>Embout L \/ H: <\/strong>panache: 90\/60 mm, fleche 120 \/ 90mm<\/p>","protected":false},"excerpt":{"rendered":"<p>Nos produits sont fabriqu\u00e9s \u00e0 partir de mat\u00e9riaux nobel et enti\u00e8rement fabriqu\u00e9s \u00e0 la main.<br \/>\nLa finition sera faite sur mesure d'apres votre demande.<\/p>\n<p><strong>Mat\u00e9riel \/ photo de finition<\/strong><br \/>\nTringle \u00e0 rideaux: bois, mahagony fonc\u00e9<br \/>\nFinial: laiton poli et verni<\/p>\n<p><strong>Tringle \u00e0 rideau \u00f8:<\/strong>50mm (2 &quot;)<\/p>\n<p><strong>Embout L \/ H: <\/strong>panache: 90\/60 mm, fleche 120 \/ 90mm<\/p>","protected":false},"featured_media":11966,"comment_status":"closed","ping_status":"closed","template":"","meta":[],"product_cat":[44,62,56],"product_tag":[92],"_links":{"self":[{"href":"https:\/\/variacurtainpoles.uk\/fr\/wp-json\/wp\/v2\/product\/11873"}],"collection":[{"href":"https:\/\/variacurtainpoles.uk\/fr\/wp-json\/wp\/v2\/product"}],"about":[{"href":"https:\/\/variacurtainpoles.uk\/fr\/wp-json\/wp\/v2\/types\/product"}],"replies":[{"embeddable":true,"href":"https:\/\/variacurtainpoles.uk\/fr\/wp-json\/wp\/v2\/comments?post=11873"}],"wp:featuredmedia":[{"embeddable":true,"href":"https:\/\/variacurtainpoles.uk\/fr\/wp-json\/wp\/v2\/media\/11966"}],"wp:attachment":[{"href":"https:\/\/variacurtainpoles.uk\/fr\/wp-json\/wp\/v2\/media?parent=11873"}],"wp:term":[{"taxonomy":"product_cat","embeddable":true,"href":"https:\/\/variacurtainpoles.uk\/fr\/wp-json\/wp\/v2\/product_cat?post=11873"},{"taxonomy":"product_tag","embeddable":true,"href":"https:\/\/variacurtainpoles.uk\/fr\/wp-json\/wp\/v2\/product_tag?post=11873"}],"curies":[{"name":"wp","href":"https:\/\/api.w.org\/{rel}","templated":true}]}}