{"id":11869,"date":"2016-05-09T20:16:04","date_gmt":"2016-05-09T20:16:04","guid":{"rendered":"http:\/\/variacurtainpoles.uk\/product\/facette-1092\/"},"modified":"2016-11-17T12:53:05","modified_gmt":"2016-11-17T12:53:05","slug":"facette-1092","status":"publish","type":"product","link":"https:\/\/variacurtainpoles.uk\/fr\/produit\/facette-1092\/","title":{"rendered":"Facette 1092"},"content":{"rendered":"<p>Nos produits sont fabriqu\u00e9s \u00e0 partir de mat\u00e9riaux nobel et enti\u00e8rement fabriqu\u00e9s \u00e0 la main.<br \/>\nLa finition sera faite sur mesure d'apres votre demande.<\/p>\n<p><strong>Mat\u00e9riau \/ Finition Photo<\/strong><br \/>\nTringle \u00e0 rideau: laiton poli et verni<br \/>\nFinial: laiton poli et verni<\/p>\n<p><strong>Tringle \u00e0 rideau \u00f8:<\/strong>\u00a040mm (1 1\/2 &quot;)<\/p>\n<p><strong>Embout L \/ H:<\/strong> 90\/60 mm<\/p>","protected":false},"excerpt":{"rendered":"<p>Nos produits sont fabriqu\u00e9s \u00e0 partir de mat\u00e9riaux nobel et enti\u00e8rement fabriqu\u00e9s \u00e0 la main.<br \/>\nLa finition sera faite sur mesure d'apres votre demande.<\/p>\n<p><strong>Mat\u00e9riau \/ Finition Photo<\/strong><br \/>\nTringle \u00e0 rideau: laiton poli et verni<br \/>\nFinial: laiton poli et verni<\/p>\n<p><strong>Tringle \u00e0 rideau \u00f8:<\/strong>\u00a040mm (1 1\/2 &quot;)<\/p>\n<p><strong>Embout L \/ H:<\/strong> 90\/60 mm<\/p>","protected":false},"featured_media":11870,"comment_status":"closed","ping_status":"closed","template":"","meta":[],"product_cat":[44,62,60],"product_tag":[92],"_links":{"self":[{"href":"https:\/\/variacurtainpoles.uk\/fr\/wp-json\/wp\/v2\/product\/11869"}],"collection":[{"href":"https:\/\/variacurtainpoles.uk\/fr\/wp-json\/wp\/v2\/product"}],"about":[{"href":"https:\/\/variacurtainpoles.uk\/fr\/wp-json\/wp\/v2\/types\/product"}],"replies":[{"embeddable":true,"href":"https:\/\/variacurtainpoles.uk\/fr\/wp-json\/wp\/v2\/comments?post=11869"}],"wp:featuredmedia":[{"embeddable":true,"href":"https:\/\/variacurtainpoles.uk\/fr\/wp-json\/wp\/v2\/media\/11870"}],"wp:attachment":[{"href":"https:\/\/variacurtainpoles.uk\/fr\/wp-json\/wp\/v2\/media?parent=11869"}],"wp:term":[{"taxonomy":"product_cat","embeddable":true,"href":"https:\/\/variacurtainpoles.uk\/fr\/wp-json\/wp\/v2\/product_cat?post=11869"},{"taxonomy":"product_tag","embeddable":true,"href":"https:\/\/variacurtainpoles.uk\/fr\/wp-json\/wp\/v2\/product_tag?post=11869"}],"curies":[{"name":"wp","href":"https:\/\/api.w.org\/{rel}","templated":true}]}}