{"id":11857,"date":"2016-05-09T20:05:05","date_gmt":"2016-05-09T20:05:05","guid":{"rendered":"http:\/\/variacurtainpoles.uk\/product\/capucine-1300\/"},"modified":"2016-11-17T12:57:57","modified_gmt":"2016-11-17T12:57:57","slug":"capucine-1300","status":"publish","type":"product","link":"https:\/\/variacurtainpoles.uk\/fr\/produit\/capucine-1300\/","title":{"rendered":"Capucine 1300"},"content":{"rendered":"<p>Nos produits sont fabriqu\u00e9s \u00e0 partir de mat\u00e9riaux nobel et enti\u00e8rement fabriqu\u00e9s \u00e0 la main.<br \/>\nLa finition sera faite sur mesure d'apres votre demande.<\/p>\n<p><strong>Photo de mat\u00e9riau \/ finition:<\/strong><br \/>\nTringle \u00e0 rideau: laiton nickel mat<br \/>\nFinial: laiton, nickel mat<\/p>\n<p><strong>Tringle \u00e0 rideau \u00f8:\u00a0<\/strong>30mm (1 1\/5 \u2033)<\/p>\n<p><strong>Embout L \/ H:<\/strong> 40\/36 mm<\/p>","protected":false},"excerpt":{"rendered":"<p>Nos produits sont fabriqu\u00e9s \u00e0 partir de mat\u00e9riaux nobel et enti\u00e8rement fabriqu\u00e9s \u00e0 la main.<br \/>\nLa finition sera faite sur mesure d'apres votre demande.<\/p>\n<p><strong>Photo de mat\u00e9riau \/ finition:<\/strong><br \/>\nTringle \u00e0 rideau: laiton nickel mat<br \/>\nFinial: laiton, nickel mat<\/p>\n<p><strong>Tringle \u00e0 rideau \u00f8:\u00a0<\/strong>30mm (1 1\/5 \u2033)<\/p>\n<p><strong>Embout L \/ H:<\/strong> 40\/36 mm<\/p>","protected":false},"featured_media":11858,"comment_status":"closed","ping_status":"closed","template":"","meta":[],"product_cat":[44,62,86],"product_tag":[92],"_links":{"self":[{"href":"https:\/\/variacurtainpoles.uk\/fr\/wp-json\/wp\/v2\/product\/11857"}],"collection":[{"href":"https:\/\/variacurtainpoles.uk\/fr\/wp-json\/wp\/v2\/product"}],"about":[{"href":"https:\/\/variacurtainpoles.uk\/fr\/wp-json\/wp\/v2\/types\/product"}],"replies":[{"embeddable":true,"href":"https:\/\/variacurtainpoles.uk\/fr\/wp-json\/wp\/v2\/comments?post=11857"}],"wp:featuredmedia":[{"embeddable":true,"href":"https:\/\/variacurtainpoles.uk\/fr\/wp-json\/wp\/v2\/media\/11858"}],"wp:attachment":[{"href":"https:\/\/variacurtainpoles.uk\/fr\/wp-json\/wp\/v2\/media?parent=11857"}],"wp:term":[{"taxonomy":"product_cat","embeddable":true,"href":"https:\/\/variacurtainpoles.uk\/fr\/wp-json\/wp\/v2\/product_cat?post=11857"},{"taxonomy":"product_tag","embeddable":true,"href":"https:\/\/variacurtainpoles.uk\/fr\/wp-json\/wp\/v2\/product_tag?post=11857"}],"curies":[{"name":"wp","href":"https:\/\/api.w.org\/{rel}","templated":true}]}}