{"id":11849,"date":"2016-05-09T19:55:09","date_gmt":"2016-05-09T19:55:09","guid":{"rendered":"http:\/\/variacurtainpoles.uk\/product\/boule-2060\/"},"modified":"2016-11-17T13:00:51","modified_gmt":"2016-11-17T13:00:51","slug":"boule-2060","status":"publish","type":"product","link":"https:\/\/variacurtainpoles.uk\/fr\/produit\/boule-2060\/","title":{"rendered":"Boule 2060"},"content":{"rendered":"<p><span class=\"red strong\">Nos produits sont fabriqu\u00e9s \u00e0 partir de mat\u00e9riaux nobel et enti\u00e8rement fabriqu\u00e9s \u00e0 la main.<br \/>\nLa finition sera faite sur mesure d'apres votre demande.<br \/>\n<\/span><\/p>\n<p><strong><span class=\"red strong\">Mat\u00e9riel \/ photo de finition<\/span><\/strong><br \/>\nTringle \u00e0 rideaux: bois, ch\u00eane clair<br \/>\nFinial: laiton poli et verni<\/p>\n<p><span class=\"red strong\"><strong>Tringle \u00e0 rideau \u00f8: <\/strong><\/span>40mm (1 1\/2 &quot;)<\/p>\n<p><strong><span class=\"red strong\">Embout L \/ H:<\/span><\/strong> 45\/60 mm<\/p>","protected":false},"excerpt":{"rendered":"<p><span class=\"red strong\">Nos produits sont fabriqu\u00e9s \u00e0 partir de mat\u00e9riaux nobel et enti\u00e8rement fabriqu\u00e9s \u00e0 la main.<br \/>\nLa finition sera faite sur mesure d'apres votre demande.<br \/>\n<\/span><\/p>\n<p><strong><span class=\"red strong\">Mat\u00e9riel \/ photo de finition<\/span><\/strong><br \/>\nTringle \u00e0 rideaux: bois, ch\u00eane clair<br \/>\nFinial: laiton poli et verni<\/p>\n<p><span class=\"red strong\"><strong>Tringle \u00e0 rideau \u00f8: <\/strong><\/span>40mm (1 1\/2 &quot;)<\/p>\n<p><strong><span class=\"red strong\">Embout L \/ H:<\/span><\/strong> 45\/60 mm<\/p>","protected":false},"featured_media":11850,"comment_status":"closed","ping_status":"closed","template":"","meta":[],"product_cat":[44,62,60],"product_tag":[92],"_links":{"self":[{"href":"https:\/\/variacurtainpoles.uk\/fr\/wp-json\/wp\/v2\/product\/11849"}],"collection":[{"href":"https:\/\/variacurtainpoles.uk\/fr\/wp-json\/wp\/v2\/product"}],"about":[{"href":"https:\/\/variacurtainpoles.uk\/fr\/wp-json\/wp\/v2\/types\/product"}],"replies":[{"embeddable":true,"href":"https:\/\/variacurtainpoles.uk\/fr\/wp-json\/wp\/v2\/comments?post=11849"}],"wp:featuredmedia":[{"embeddable":true,"href":"https:\/\/variacurtainpoles.uk\/fr\/wp-json\/wp\/v2\/media\/11850"}],"wp:attachment":[{"href":"https:\/\/variacurtainpoles.uk\/fr\/wp-json\/wp\/v2\/media?parent=11849"}],"wp:term":[{"taxonomy":"product_cat","embeddable":true,"href":"https:\/\/variacurtainpoles.uk\/fr\/wp-json\/wp\/v2\/product_cat?post=11849"},{"taxonomy":"product_tag","embeddable":true,"href":"https:\/\/variacurtainpoles.uk\/fr\/wp-json\/wp\/v2\/product_tag?post=11849"}],"curies":[{"name":"wp","href":"https:\/\/api.w.org\/{rel}","templated":true}]}}