{"id":11847,"date":"2016-05-09T19:49:56","date_gmt":"2016-05-09T19:49:56","guid":{"rendered":"http:\/\/variacurtainpoles.uk\/product\/boule-070364\/"},"modified":"2016-12-08T08:35:22","modified_gmt":"2016-12-08T08:35:22","slug":"boule-070364","status":"publish","type":"product","link":"https:\/\/variacurtainpoles.uk\/fr\/produit\/boule-070364\/","title":{"rendered":"Boule 070364"},"content":{"rendered":"<p><span class=\"red strong\">Nos produits sont fabriqu\u00e9s \u00e0 partir de mat\u00e9riaux nobel et enti\u00e8rement fabriqu\u00e9s \u00e0 la main.<br \/>\nLa finition sera faite sur mesure d'apres votre demande.<br \/>\n<\/span><\/p>\n<p><strong><span class=\"red strong\">Photo de mat\u00e9riau \/ finition:<\/span><\/strong><br \/>\nTringle \u00e0 rideaux: bois, vernis \u00e0 la feuille d&#039;argent<br \/>\nFinial: r\u00e9sine, feuille d&#039;argent vernie<\/p>\n<p><span class=\"red strong\"><strong>Tringle \u00e0 rideau \u00f8:\u00a0<\/strong><\/span>50mm (2 &quot;)<\/p>\n<p><strong><span class=\"red strong\">Embout L \/ H:<\/span><\/strong> &#8211;<\/p>","protected":false},"excerpt":{"rendered":"<p><span class=\"red strong\">Nos produits sont fabriqu\u00e9s \u00e0 partir de mat\u00e9riaux nobel et enti\u00e8rement fabriqu\u00e9s \u00e0 la main.<br \/>\nLa finition sera faite sur mesure d'apres votre demande.<br \/>\n<\/span><\/p>\n<p><strong><span class=\"red strong\">Photo de mat\u00e9riau \/ finition:<\/span><\/strong><br \/>\nTringle \u00e0 rideaux: bois, vernis \u00e0 la feuille d&#039;argent<br \/>\nFinial: r\u00e9sine, feuille d&#039;argent vernie<\/p>\n<p><span class=\"red strong\"><strong>Tringle \u00e0 rideau \u00f8:\u00a0<\/strong><\/span>50mm (2 &quot;)<\/p>\n<p><strong><span class=\"red strong\">Embout L \/ H:<\/span><\/strong> &#8211;<\/p>","protected":false},"featured_media":11885,"comment_status":"closed","ping_status":"closed","template":"","meta":[],"product_cat":[44,83,56],"product_tag":[93],"_links":{"self":[{"href":"https:\/\/variacurtainpoles.uk\/fr\/wp-json\/wp\/v2\/product\/11847"}],"collection":[{"href":"https:\/\/variacurtainpoles.uk\/fr\/wp-json\/wp\/v2\/product"}],"about":[{"href":"https:\/\/variacurtainpoles.uk\/fr\/wp-json\/wp\/v2\/types\/product"}],"replies":[{"embeddable":true,"href":"https:\/\/variacurtainpoles.uk\/fr\/wp-json\/wp\/v2\/comments?post=11847"}],"wp:featuredmedia":[{"embeddable":true,"href":"https:\/\/variacurtainpoles.uk\/fr\/wp-json\/wp\/v2\/media\/11885"}],"wp:attachment":[{"href":"https:\/\/variacurtainpoles.uk\/fr\/wp-json\/wp\/v2\/media?parent=11847"}],"wp:term":[{"taxonomy":"product_cat","embeddable":true,"href":"https:\/\/variacurtainpoles.uk\/fr\/wp-json\/wp\/v2\/product_cat?post=11847"},{"taxonomy":"product_tag","embeddable":true,"href":"https:\/\/variacurtainpoles.uk\/fr\/wp-json\/wp\/v2\/product_tag?post=11847"}],"curies":[{"name":"wp","href":"https:\/\/api.w.org\/{rel}","templated":true}]}}