{"id":11844,"date":"2016-05-09T19:43:44","date_gmt":"2016-05-09T19:43:44","guid":{"rendered":"http:\/\/variacurtainpoles.uk\/product\/art-deco-2089\/"},"modified":"2016-11-17T13:03:08","modified_gmt":"2016-11-17T13:03:08","slug":"art-deco-2089","status":"publish","type":"product","link":"https:\/\/variacurtainpoles.uk\/fr\/produit\/art-deco-2089\/","title":{"rendered":"Art d\u00e9co 2089"},"content":{"rendered":"<p><span class=\"red strong\">Nos produits sont fabriqu\u00e9s \u00e0 partir de mat\u00e9riaux nobel et enti\u00e8rement fabriqu\u00e9s \u00e0 la main.<br \/>\nLa finition sera faite sur mesure d'apres votre demande.<br \/>\n<\/span><\/p>\n<p><strong><span class=\"red strong\">Photo de mat\u00e9riau \/ finition:<\/span><\/strong><br \/>\nTringle \u00e0 rideau: laiton poli et verni<br \/>\nFinial: laiton poli et verni<\/p>\n<p><span class=\"red strong\"><strong>Tringle \u00e0 rideau \u00f8: <\/strong><\/span>40mm (1 1\/2 &quot;)<\/p>\n<p><strong><span class=\"red strong\">Embout L \/ H:<\/span><\/strong> 80\/55 mm<\/p>","protected":false},"excerpt":{"rendered":"<p><span class=\"red strong\">Nos produits sont fabriqu\u00e9s \u00e0 partir de mat\u00e9riaux nobel et enti\u00e8rement fabriqu\u00e9s \u00e0 la main.<br \/>\nLa finition sera faite sur mesure d'apres votre demande.<br \/>\n<\/span><\/p>\n<p><strong><span class=\"red strong\">Photo de mat\u00e9riau \/ finition:<\/span><\/strong><br \/>\nTringle \u00e0 rideau: laiton poli et verni<br \/>\nFinial: laiton poli et verni<\/p>\n<p><span class=\"red strong\"><strong>Tringle \u00e0 rideau \u00f8: <\/strong><\/span>40mm (1 1\/2 &quot;)<\/p>\n<p><strong><span class=\"red strong\">Embout L \/ H:<\/span><\/strong> 80\/55 mm<\/p>","protected":false},"featured_media":11845,"comment_status":"closed","ping_status":"closed","template":"","meta":[],"product_cat":[44,62,60],"product_tag":[92],"_links":{"self":[{"href":"https:\/\/variacurtainpoles.uk\/fr\/wp-json\/wp\/v2\/product\/11844"}],"collection":[{"href":"https:\/\/variacurtainpoles.uk\/fr\/wp-json\/wp\/v2\/product"}],"about":[{"href":"https:\/\/variacurtainpoles.uk\/fr\/wp-json\/wp\/v2\/types\/product"}],"replies":[{"embeddable":true,"href":"https:\/\/variacurtainpoles.uk\/fr\/wp-json\/wp\/v2\/comments?post=11844"}],"wp:featuredmedia":[{"embeddable":true,"href":"https:\/\/variacurtainpoles.uk\/fr\/wp-json\/wp\/v2\/media\/11845"}],"wp:attachment":[{"href":"https:\/\/variacurtainpoles.uk\/fr\/wp-json\/wp\/v2\/media?parent=11844"}],"wp:term":[{"taxonomy":"product_cat","embeddable":true,"href":"https:\/\/variacurtainpoles.uk\/fr\/wp-json\/wp\/v2\/product_cat?post=11844"},{"taxonomy":"product_tag","embeddable":true,"href":"https:\/\/variacurtainpoles.uk\/fr\/wp-json\/wp\/v2\/product_tag?post=11844"}],"curies":[{"name":"wp","href":"https:\/\/api.w.org\/{rel}","templated":true}]}}