{"id":11842,"date":"2016-05-09T19:40:29","date_gmt":"2016-05-09T19:40:29","guid":{"rendered":"http:\/\/variacurtainpoles.uk\/product\/anglais-1111\/"},"modified":"2016-11-17T13:04:05","modified_gmt":"2016-11-17T13:04:05","slug":"anglais-1111","status":"publish","type":"product","link":"https:\/\/variacurtainpoles.uk\/fr\/produit\/anglais-1111\/","title":{"rendered":"Anglais 1111"},"content":{"rendered":"<p><span class=\"red strong\">Nos produits sont fabriqu\u00e9s \u00e0 partir de mat\u00e9riaux nobel et enti\u00e8rement fabriqu\u00e9s \u00e0 la main.<br \/>\nLa finition sera faite sur mesure d'apres votre demande.<br \/>\n<\/span><\/p>\n<p><strong><span class=\"red strong\">Mat\u00e9riau \/ Finition Photo<\/span><\/strong><br \/>\nTringle \u00e0 rideau: laiton poli et verni<br \/>\nFinial: laiton poli et verni<\/p>\n<p><strong><span class=\"red strong\">Tringle \u00e0 rideau \u00f8:\u00a0<\/span><\/strong>30mm (1 1\/5 \u2033)<\/p>\n<p><strong><span class=\"red strong\">Embout L \/ H:<\/span><\/strong> 35\/40 mm<\/p>","protected":false},"excerpt":{"rendered":"<p><span class=\"red strong\">Nos produits sont fabriqu\u00e9s \u00e0 partir de mat\u00e9riaux nobel et enti\u00e8rement fabriqu\u00e9s \u00e0 la main.<br \/>\nLa finition sera faite sur mesure d'apres votre demande.<br \/>\n<\/span><\/p>\n<p><strong><span class=\"red strong\">Mat\u00e9riau \/ Finition Photo<\/span><\/strong><br \/>\nTringle \u00e0 rideau: laiton poli et verni<br \/>\nFinial: laiton poli et verni<\/p>\n<p><strong><span class=\"red strong\">Tringle \u00e0 rideau \u00f8:\u00a0<\/span><\/strong>30mm (1 1\/5 \u2033)<\/p>\n<p><strong><span class=\"red strong\">Embout L \/ H:<\/span><\/strong> 35\/40 mm<\/p>","protected":false},"featured_media":11846,"comment_status":"closed","ping_status":"closed","template":"","meta":[],"product_cat":[44,62,86],"product_tag":[92],"_links":{"self":[{"href":"https:\/\/variacurtainpoles.uk\/fr\/wp-json\/wp\/v2\/product\/11842"}],"collection":[{"href":"https:\/\/variacurtainpoles.uk\/fr\/wp-json\/wp\/v2\/product"}],"about":[{"href":"https:\/\/variacurtainpoles.uk\/fr\/wp-json\/wp\/v2\/types\/product"}],"replies":[{"embeddable":true,"href":"https:\/\/variacurtainpoles.uk\/fr\/wp-json\/wp\/v2\/comments?post=11842"}],"wp:featuredmedia":[{"embeddable":true,"href":"https:\/\/variacurtainpoles.uk\/fr\/wp-json\/wp\/v2\/media\/11846"}],"wp:attachment":[{"href":"https:\/\/variacurtainpoles.uk\/fr\/wp-json\/wp\/v2\/media?parent=11842"}],"wp:term":[{"taxonomy":"product_cat","embeddable":true,"href":"https:\/\/variacurtainpoles.uk\/fr\/wp-json\/wp\/v2\/product_cat?post=11842"},{"taxonomy":"product_tag","embeddable":true,"href":"https:\/\/variacurtainpoles.uk\/fr\/wp-json\/wp\/v2\/product_tag?post=11842"}],"curies":[{"name":"wp","href":"https:\/\/api.w.org\/{rel}","templated":true}]}}