{"id":11841,"date":"2016-05-09T19:39:00","date_gmt":"2016-05-09T19:39:00","guid":{"rendered":"http:\/\/variacurtainpoles.uk\/product\/anglais-070301\/"},"modified":"2016-11-17T13:05:01","modified_gmt":"2016-11-17T13:05:01","slug":"anglais-070301","status":"publish","type":"product","link":"https:\/\/variacurtainpoles.uk\/fr\/produit\/anglais-070301\/","title":{"rendered":"Anglais 070301"},"content":{"rendered":"<p><span class=\"red strong\">Nos produits sont fabriqu\u00e9s \u00e0 partir de mat\u00e9riaux nobel et enti\u00e8rement fabriqu\u00e9s \u00e0 la main.<br \/>\nLa finition sera faite sur mesure d'apres votre demande.<br \/>\n<\/span><\/p>\n<p><strong>Finition <span class=\"red strong\">Photo:<\/span><\/strong><br \/>\nTringle \u00e0 rideaux: bois patin\u00e9<br \/>\nFinial: bois, patin\u00e9<\/p>\n<p><strong><span class=\"red strong\">Tringle \u00e0 rideau \u00f8:<br \/>\n<\/span><\/strong>40mm (1 1\/2 &quot;)<\/p>\n<p><strong><span class=\"red strong\">Embout L \/ H:<\/span><\/strong>\u00a055\/60 mm<\/p>","protected":false},"excerpt":{"rendered":"<p><span class=\"red strong\">Nos produits sont fabriqu\u00e9s \u00e0 partir de mat\u00e9riaux nobel et enti\u00e8rement fabriqu\u00e9s \u00e0 la main.<br \/>\nLa finition sera faite sur mesure d'apres votre demande.<br \/>\n<\/span><\/p>\n<p><strong>Finition <span class=\"red strong\">Photo:<\/span><\/strong><br \/>\nTringle \u00e0 rideaux: bois patin\u00e9<br \/>\nFinial: bois, patin\u00e9<\/p>\n<p><strong><span class=\"red strong\">Tringle \u00e0 rideau \u00f8:<br \/>\n<\/span><\/strong>40mm (1 1\/2 &quot;)<\/p>\n<p><strong><span class=\"red strong\">Embout L \/ H:<\/span><\/strong>\u00a055\/60 mm<\/p>","protected":false},"featured_media":11612,"comment_status":"closed","ping_status":"closed","template":"","meta":[],"product_cat":[44,54,60],"product_tag":[91],"_links":{"self":[{"href":"https:\/\/variacurtainpoles.uk\/fr\/wp-json\/wp\/v2\/product\/11841"}],"collection":[{"href":"https:\/\/variacurtainpoles.uk\/fr\/wp-json\/wp\/v2\/product"}],"about":[{"href":"https:\/\/variacurtainpoles.uk\/fr\/wp-json\/wp\/v2\/types\/product"}],"replies":[{"embeddable":true,"href":"https:\/\/variacurtainpoles.uk\/fr\/wp-json\/wp\/v2\/comments?post=11841"}],"wp:featuredmedia":[{"embeddable":true,"href":"https:\/\/variacurtainpoles.uk\/fr\/wp-json\/wp\/v2\/media\/11612"}],"wp:attachment":[{"href":"https:\/\/variacurtainpoles.uk\/fr\/wp-json\/wp\/v2\/media?parent=11841"}],"wp:term":[{"taxonomy":"product_cat","embeddable":true,"href":"https:\/\/variacurtainpoles.uk\/fr\/wp-json\/wp\/v2\/product_cat?post=11841"},{"taxonomy":"product_tag","embeddable":true,"href":"https:\/\/variacurtainpoles.uk\/fr\/wp-json\/wp\/v2\/product_tag?post=11841"}],"curies":[{"name":"wp","href":"https:\/\/api.w.org\/{rel}","templated":true}]}}