{"id":11839,"date":"2016-05-09T19:31:40","date_gmt":"2016-05-09T19:31:40","guid":{"rendered":"http:\/\/variacurtainpoles.uk\/product\/oignon-2179\/"},"modified":"2016-11-17T13:05:53","modified_gmt":"2016-11-17T13:05:53","slug":"oignon-2179","status":"publish","type":"product","link":"https:\/\/variacurtainpoles.uk\/fr\/produit\/oignon-2179\/","title":{"rendered":"Oignon 2179"},"content":{"rendered":"<div class=\"post-content\">\n<p><span class=\"red strong\">Nos produits sont fabriqu\u00e9s \u00e0 partir de mat\u00e9riaux nobel et enti\u00e8rement fabriqu\u00e9s \u00e0 la main.<br \/>\nLa finition sera faite sur mesure d'apres votre demande.<br \/>\n<\/span><\/p>\n<p><strong>Finition <span class=\"red strong\">Photo:<\/span><\/strong><br \/>\nTringle \u00e0 rideaux: bois, ch\u00eane<br \/>\nFinial: laiton poli et verni<\/p>\n<p><strong><span class=\"red strong\">Tringle \u00e0 rideau \u00f8:<br \/>\n<\/span><\/strong>20mm (4\/5 \u2033)<\/p>\n<p><strong><span class=\"red strong\">Embout L \/ H:<\/span><\/strong> 22\/20 mm<\/p>\n<\/div>","protected":false},"excerpt":{"rendered":"<div class=\"post-content\">\n<p><span class=\"red strong\">Nos produits sont fabriqu\u00e9s \u00e0 partir de mat\u00e9riaux nobel et enti\u00e8rement fabriqu\u00e9s \u00e0 la main.<br \/>\nLa finition sera faite sur mesure d'apres votre demande.<br \/>\n<\/span><\/p>\n<p><strong>Finition <span class=\"red strong\">Photo:<\/span><\/strong><br \/>\nTringle \u00e0 rideaux: bois, ch\u00eane<br \/>\nFinial: laiton poli et verni<\/p>\n<p><strong><span class=\"red strong\">Tringle \u00e0 rideau \u00f8:<br \/>\n<\/span><\/strong>20mm (4\/5 \u2033)<\/p>\n<p><strong><span class=\"red strong\">Embout L \/ H:<\/span><\/strong> 22\/20 mm<\/p>\n<\/div>","protected":false},"featured_media":11840,"comment_status":"closed","ping_status":"closed","template":"","meta":[],"product_cat":[44,62,85],"product_tag":[92],"_links":{"self":[{"href":"https:\/\/variacurtainpoles.uk\/fr\/wp-json\/wp\/v2\/product\/11839"}],"collection":[{"href":"https:\/\/variacurtainpoles.uk\/fr\/wp-json\/wp\/v2\/product"}],"about":[{"href":"https:\/\/variacurtainpoles.uk\/fr\/wp-json\/wp\/v2\/types\/product"}],"replies":[{"embeddable":true,"href":"https:\/\/variacurtainpoles.uk\/fr\/wp-json\/wp\/v2\/comments?post=11839"}],"wp:featuredmedia":[{"embeddable":true,"href":"https:\/\/variacurtainpoles.uk\/fr\/wp-json\/wp\/v2\/media\/11840"}],"wp:attachment":[{"href":"https:\/\/variacurtainpoles.uk\/fr\/wp-json\/wp\/v2\/media?parent=11839"}],"wp:term":[{"taxonomy":"product_cat","embeddable":true,"href":"https:\/\/variacurtainpoles.uk\/fr\/wp-json\/wp\/v2\/product_cat?post=11839"},{"taxonomy":"product_tag","embeddable":true,"href":"https:\/\/variacurtainpoles.uk\/fr\/wp-json\/wp\/v2\/product_tag?post=11839"}],"curies":[{"name":"wp","href":"https:\/\/api.w.org\/{rel}","templated":true}]}}