{"id":11675,"date":"2016-04-28T20:31:27","date_gmt":"2016-04-28T20:31:27","guid":{"rendered":"http:\/\/variacurtainpoles.uk\/product\/tuillerie-090102\/"},"modified":"2016-11-17T13:06:55","modified_gmt":"2016-11-17T13:06:55","slug":"tuillerie-090102","status":"publish","type":"product","link":"https:\/\/variacurtainpoles.uk\/fr\/produit\/tuillerie-090102\/","title":{"rendered":"Tuillerie 090102"},"content":{"rendered":"<p><span class=\"red strong\">Nos produits sont fabriqu\u00e9s \u00e0 partir de mat\u00e9riaux nobel et enti\u00e8rement fabriqu\u00e9s \u00e0 la main.<br \/>\nLa finition sera faite sur mesure d'apres votre demande.<br \/>\n<\/span><\/p>\n<p><strong><span class=\"red strong\">Photo de finition<\/span><\/strong><br \/>\nTringle \u00e0 rideau: bois<br \/>\nFinial: r\u00e9sine<\/p>\n<p><strong><span class=\"red strong\">Tringle \u00e0 rideau \u00f8: <\/span><\/strong>80mm (3 1\/4 \u2033)<\/p>\n<div class=\"post-content\">\n<p><strong><span class=\"red strong\">Embout L \/ H:<\/span><\/strong> 230\/170 mm<\/p>\n<\/div>","protected":false},"excerpt":{"rendered":"<p><span class=\"red strong\">Nos produits sont fabriqu\u00e9s \u00e0 partir de mat\u00e9riaux nobel et enti\u00e8rement fabriqu\u00e9s \u00e0 la main.<br \/>\nLa finition sera faite sur mesure d'apres votre demande.<br \/>\n<\/span><\/p>\n<p><strong><span class=\"red strong\">Photo de finition<\/span><\/strong><br \/>\nTringle \u00e0 rideau: bois<br \/>\nFinial: r\u00e9sine<\/p>\n<p><strong><span class=\"red strong\">Tringle \u00e0 rideau \u00f8: <\/span><\/strong>80mm (3 1\/4 \u2033)<\/p>\n<div class=\"post-content\">\n<p><strong><span class=\"red strong\">Embout L \/ H:<\/span><\/strong> 230\/170 mm<\/p>\n<\/div>","protected":false},"featured_media":11676,"comment_status":"closed","ping_status":"closed","template":"","meta":[],"product_cat":[44,83,89],"product_tag":[93],"_links":{"self":[{"href":"https:\/\/variacurtainpoles.uk\/fr\/wp-json\/wp\/v2\/product\/11675"}],"collection":[{"href":"https:\/\/variacurtainpoles.uk\/fr\/wp-json\/wp\/v2\/product"}],"about":[{"href":"https:\/\/variacurtainpoles.uk\/fr\/wp-json\/wp\/v2\/types\/product"}],"replies":[{"embeddable":true,"href":"https:\/\/variacurtainpoles.uk\/fr\/wp-json\/wp\/v2\/comments?post=11675"}],"wp:featuredmedia":[{"embeddable":true,"href":"https:\/\/variacurtainpoles.uk\/fr\/wp-json\/wp\/v2\/media\/11676"}],"wp:attachment":[{"href":"https:\/\/variacurtainpoles.uk\/fr\/wp-json\/wp\/v2\/media?parent=11675"}],"wp:term":[{"taxonomy":"product_cat","embeddable":true,"href":"https:\/\/variacurtainpoles.uk\/fr\/wp-json\/wp\/v2\/product_cat?post=11675"},{"taxonomy":"product_tag","embeddable":true,"href":"https:\/\/variacurtainpoles.uk\/fr\/wp-json\/wp\/v2\/product_tag?post=11675"}],"curies":[{"name":"wp","href":"https:\/\/api.w.org\/{rel}","templated":true}]}}