{"id":11649,"date":"2016-04-28T09:35:40","date_gmt":"2016-04-28T09:35:40","guid":{"rendered":"http:\/\/variacurtainpoles.uk\/product\/louis-xv-xvi-070332\/"},"modified":"2016-11-17T13:19:24","modified_gmt":"2016-11-17T13:19:24","slug":"louis-xv-xvi-070332","status":"publish","type":"product","link":"https:\/\/variacurtainpoles.uk\/fr\/produit\/louis-xv-xvi-070332\/","title":{"rendered":"Louis XV - XVI 070332"},"content":{"rendered":"<p><span class=\"red strong\">Nos produits sont fabriqu\u00e9s \u00e0 partir de mat\u00e9riaux nobel et enti\u00e8rement fabriqu\u00e9s \u00e0 la main.<br \/>\nLa finition sera faite sur mesure d'apres votre demande.<br \/>\n<\/span><\/p>\n<p><strong><span class=\"red strong\">Mat\u00e9riau \/ Finition Photo:<\/span><\/strong><br \/>\nTringle \u00e0 rideaux: bois, or blanc<br \/>\nFinial: bois, feuille d&#039;or<\/p>\n<p><strong><span class=\"red strong\">Tringle \u00e0 rideau \u00f8: <\/span><\/strong>40mm (1 1\/2 &quot;)<\/p>\n<p><strong><span class=\"red strong\">Embout L \/ H:<\/span><\/strong>\u00a0150\/70 mm<strong><br \/>\n<\/strong><\/p>","protected":false},"excerpt":{"rendered":"<p><span class=\"red strong\">Nos produits sont fabriqu\u00e9s \u00e0 partir de mat\u00e9riaux nobel et enti\u00e8rement fabriqu\u00e9s \u00e0 la main.<br \/>\nLa finition sera faite sur mesure d'apres votre demande.<br \/>\n<\/span><\/p>\n<p><strong><span class=\"red strong\">Mat\u00e9riau \/ Finition Photo:<\/span><\/strong><br \/>\nTringle \u00e0 rideaux: bois, or blanc<br \/>\nFinial: bois, feuille d&#039;or<\/p>\n<p><strong><span class=\"red strong\">Tringle \u00e0 rideau \u00f8: <\/span><\/strong>40mm (1 1\/2 &quot;)<\/p>\n<p><strong><span class=\"red strong\">Embout L \/ H:<\/span><\/strong>\u00a0150\/70 mm<strong><br \/>\n<\/strong><\/p>","protected":false},"featured_media":11650,"comment_status":"closed","ping_status":"closed","template":"","meta":[],"product_cat":[44,54,60],"product_tag":[91],"_links":{"self":[{"href":"https:\/\/variacurtainpoles.uk\/fr\/wp-json\/wp\/v2\/product\/11649"}],"collection":[{"href":"https:\/\/variacurtainpoles.uk\/fr\/wp-json\/wp\/v2\/product"}],"about":[{"href":"https:\/\/variacurtainpoles.uk\/fr\/wp-json\/wp\/v2\/types\/product"}],"replies":[{"embeddable":true,"href":"https:\/\/variacurtainpoles.uk\/fr\/wp-json\/wp\/v2\/comments?post=11649"}],"wp:featuredmedia":[{"embeddable":true,"href":"https:\/\/variacurtainpoles.uk\/fr\/wp-json\/wp\/v2\/media\/11650"}],"wp:attachment":[{"href":"https:\/\/variacurtainpoles.uk\/fr\/wp-json\/wp\/v2\/media?parent=11649"}],"wp:term":[{"taxonomy":"product_cat","embeddable":true,"href":"https:\/\/variacurtainpoles.uk\/fr\/wp-json\/wp\/v2\/product_cat?post=11649"},{"taxonomy":"product_tag","embeddable":true,"href":"https:\/\/variacurtainpoles.uk\/fr\/wp-json\/wp\/v2\/product_tag?post=11649"}],"curies":[{"name":"wp","href":"https:\/\/api.w.org\/{rel}","templated":true}]}}