{"id":11644,"date":"2016-04-28T09:25:54","date_gmt":"2016-04-28T09:25:54","guid":{"rendered":"http:\/\/variacurtainpoles.uk\/product\/directoire-070347-2\/"},"modified":"2016-11-17T13:22:16","modified_gmt":"2016-11-17T13:22:16","slug":"directoire-070347-2","status":"publish","type":"product","link":"https:\/\/variacurtainpoles.uk\/fr\/produit\/directoire-070347-2\/","title":{"rendered":"Directoire 070347"},"content":{"rendered":"<p><span class=\"red strong\">Nos produits sont fabriqu\u00e9s \u00e0 partir de mat\u00e9riaux nobel et enti\u00e8rement fabriqu\u00e9s \u00e0 la main.<br \/>\nLa finition sera faite sur mesure d'apres votre demande.<br \/>\n<\/span><\/p>\n<p><strong><span class=\"red strong\">Photo de mat\u00e9riau \/ finition:<\/span><\/strong><br \/>\nTringle \u00e0 rideaux: bois, vison brun<br \/>\nEmbout: bois, vison brun<\/p>\n<p><span class=\"red strong\"><strong>Tringle \u00e0 rideau \u00f8: <\/strong><\/span>40mm (1 1\/2 &quot;)<\/p>\n<p><strong><span class=\"red strong\">Embout L \/ H:<\/span><\/strong>\u00a0125\/65 mm<\/p>","protected":false},"excerpt":{"rendered":"<p><span class=\"red strong\">Nos produits sont fabriqu\u00e9s \u00e0 partir de mat\u00e9riaux nobel et enti\u00e8rement fabriqu\u00e9s \u00e0 la main.<br \/>\nLa finition sera faite sur mesure d'apres votre demande.<br \/>\n<\/span><\/p>\n<p><strong><span class=\"red strong\">Photo de mat\u00e9riau \/ finition:<\/span><\/strong><br \/>\nTringle \u00e0 rideaux: bois, vison brun<br \/>\nEmbout: bois, vison brun<\/p>\n<p><span class=\"red strong\"><strong>Tringle \u00e0 rideau \u00f8: <\/strong><\/span>40mm (1 1\/2 &quot;)<\/p>\n<p><strong><span class=\"red strong\">Embout L \/ H:<\/span><\/strong>\u00a0125\/65 mm<\/p>","protected":false},"featured_media":11638,"comment_status":"closed","ping_status":"closed","template":"","meta":[],"product_cat":[44,54,60],"product_tag":[91],"_links":{"self":[{"href":"https:\/\/variacurtainpoles.uk\/fr\/wp-json\/wp\/v2\/product\/11644"}],"collection":[{"href":"https:\/\/variacurtainpoles.uk\/fr\/wp-json\/wp\/v2\/product"}],"about":[{"href":"https:\/\/variacurtainpoles.uk\/fr\/wp-json\/wp\/v2\/types\/product"}],"replies":[{"embeddable":true,"href":"https:\/\/variacurtainpoles.uk\/fr\/wp-json\/wp\/v2\/comments?post=11644"}],"wp:featuredmedia":[{"embeddable":true,"href":"https:\/\/variacurtainpoles.uk\/fr\/wp-json\/wp\/v2\/media\/11638"}],"wp:attachment":[{"href":"https:\/\/variacurtainpoles.uk\/fr\/wp-json\/wp\/v2\/media?parent=11644"}],"wp:term":[{"taxonomy":"product_cat","embeddable":true,"href":"https:\/\/variacurtainpoles.uk\/fr\/wp-json\/wp\/v2\/product_cat?post=11644"},{"taxonomy":"product_tag","embeddable":true,"href":"https:\/\/variacurtainpoles.uk\/fr\/wp-json\/wp\/v2\/product_tag?post=11644"}],"curies":[{"name":"wp","href":"https:\/\/api.w.org\/{rel}","templated":true}]}}