{"id":11641,"date":"2016-04-28T09:21:51","date_gmt":"2016-04-28T09:21:51","guid":{"rendered":"http:\/\/variacurtainpoles.uk\/product\/globe-090119\/"},"modified":"2017-01-25T08:21:38","modified_gmt":"2017-01-25T08:21:38","slug":"globe-090119","status":"publish","type":"product","link":"https:\/\/variacurtainpoles.uk\/fr\/produit\/globe-090119\/","title":{"rendered":"Globe 090119"},"content":{"rendered":"<p><span class=\"red strong\">Nos produits sont fabriqu\u00e9s \u00e0 partir de mat\u00e9riaux nobel et enti\u00e8rement fabriqu\u00e9s \u00e0 la main.<br \/>\nLa finition sera faite sur mesure d'apres votre demande.<br \/>\n<\/span><\/p>\n<p><strong><span class=\"red strong\">Photo de mat\u00e9riau \/ finition:<\/span><\/strong><br \/>\nTringle \u00e0 rideaux: bois, ch\u00eane antique<br \/>\nEmbout: fer forg\u00e9<\/p>\n<p><strong><span class=\"red strong\">Tringle \u00e0 rideau \u00f8: <\/span><\/strong>50mm (2 &quot;)<\/p>\n<p><strong><span class=\"red strong\">Embout L \/ H:<\/span><\/strong> 160\/130 mm<\/p>","protected":false},"excerpt":{"rendered":"<p><span class=\"red strong\">Nos produits sont fabriqu\u00e9s \u00e0 partir de mat\u00e9riaux nobel et enti\u00e8rement fabriqu\u00e9s \u00e0 la main.<br \/>\nLa finition sera faite sur mesure d'apres votre demande.<br \/>\n<\/span><\/p>\n<p><strong><span class=\"red strong\">Photo de mat\u00e9riau \/ finition:<\/span><\/strong><br \/>\nTringle \u00e0 rideaux: bois, ch\u00eane antique<br \/>\nEmbout: fer forg\u00e9<\/p>\n<p><strong><span class=\"red strong\">Tringle \u00e0 rideau \u00f8: <\/span><\/strong>50mm (2 &quot;)<\/p>\n<p><strong><span class=\"red strong\">Embout L \/ H:<\/span><\/strong> 160\/130 mm<\/p>","protected":false},"featured_media":11642,"comment_status":"closed","ping_status":"closed","template":"","meta":[],"product_cat":[44,78,56],"product_tag":[94],"_links":{"self":[{"href":"https:\/\/variacurtainpoles.uk\/fr\/wp-json\/wp\/v2\/product\/11641"}],"collection":[{"href":"https:\/\/variacurtainpoles.uk\/fr\/wp-json\/wp\/v2\/product"}],"about":[{"href":"https:\/\/variacurtainpoles.uk\/fr\/wp-json\/wp\/v2\/types\/product"}],"replies":[{"embeddable":true,"href":"https:\/\/variacurtainpoles.uk\/fr\/wp-json\/wp\/v2\/comments?post=11641"}],"wp:featuredmedia":[{"embeddable":true,"href":"https:\/\/variacurtainpoles.uk\/fr\/wp-json\/wp\/v2\/media\/11642"}],"wp:attachment":[{"href":"https:\/\/variacurtainpoles.uk\/fr\/wp-json\/wp\/v2\/media?parent=11641"}],"wp:term":[{"taxonomy":"product_cat","embeddable":true,"href":"https:\/\/variacurtainpoles.uk\/fr\/wp-json\/wp\/v2\/product_cat?post=11641"},{"taxonomy":"product_tag","embeddable":true,"href":"https:\/\/variacurtainpoles.uk\/fr\/wp-json\/wp\/v2\/product_tag?post=11641"}],"curies":[{"name":"wp","href":"https:\/\/api.w.org\/{rel}","templated":true}]}}