{"id":11637,"date":"2016-04-28T08:58:38","date_gmt":"2016-04-28T08:58:38","guid":{"rendered":"http:\/\/variacurtainpoles.uk\/product\/directoire-070347\/"},"modified":"2017-01-25T08:20:00","modified_gmt":"2017-01-25T08:20:00","slug":"directoire-070347","status":"publish","type":"product","link":"https:\/\/variacurtainpoles.uk\/fr\/produit\/directoire-070347\/","title":{"rendered":"Feuillage 090104"},"content":{"rendered":"<p><span class=\"red strong\">Nos produits sont fabriqu\u00e9s \u00e0 partir de mat\u00e9riaux nobel et enti\u00e8rement fabriqu\u00e9s \u00e0 la main.<br \/>\nLa finition sera faite sur mesure d'apres votre demande.<br \/>\n<\/span><\/p>\n<p><strong><span class=\"red strong\">Photo de mat\u00e9riau \/ finition:<\/span><\/strong><br \/>\nTringle \u00e0 rideaux: bois, mahagony antique<br \/>\nEmbout: fer forg\u00e9<\/p>\n<p><strong><span class=\"red strong\">Tringle \u00e0 rideau \u00f8: <\/span><\/strong>50mm (2 &quot;)<\/p>\n<p><strong><span class=\"red strong\">Embout L \/ H:<\/span><\/strong> 215\/170 mm<\/p>","protected":false},"excerpt":{"rendered":"<p><span class=\"red strong\">Nos produits sont fabriqu\u00e9s \u00e0 partir de mat\u00e9riaux nobel et enti\u00e8rement fabriqu\u00e9s \u00e0 la main.<br \/>\nLa finition sera faite sur mesure d'apres votre demande.<br \/>\n<\/span><\/p>\n<p><strong><span class=\"red strong\">Photo de mat\u00e9riau \/ finition:<\/span><\/strong><br \/>\nTringle \u00e0 rideaux: bois, mahagony antique<br \/>\nEmbout: fer forg\u00e9<\/p>\n<p><strong><span class=\"red strong\">Tringle \u00e0 rideau \u00f8: <\/span><\/strong>50mm (2 &quot;)<\/p>\n<p><strong><span class=\"red strong\">Embout L \/ H:<\/span><\/strong> 215\/170 mm<\/p>\n<p>&nbsp;<\/p>\n<p>&nbsp;<\/p>","protected":false},"featured_media":11640,"comment_status":"closed","ping_status":"closed","template":"","meta":[],"product_cat":[44,78,56],"product_tag":[],"_links":{"self":[{"href":"https:\/\/variacurtainpoles.uk\/fr\/wp-json\/wp\/v2\/product\/11637"}],"collection":[{"href":"https:\/\/variacurtainpoles.uk\/fr\/wp-json\/wp\/v2\/product"}],"about":[{"href":"https:\/\/variacurtainpoles.uk\/fr\/wp-json\/wp\/v2\/types\/product"}],"replies":[{"embeddable":true,"href":"https:\/\/variacurtainpoles.uk\/fr\/wp-json\/wp\/v2\/comments?post=11637"}],"wp:featuredmedia":[{"embeddable":true,"href":"https:\/\/variacurtainpoles.uk\/fr\/wp-json\/wp\/v2\/media\/11640"}],"wp:attachment":[{"href":"https:\/\/variacurtainpoles.uk\/fr\/wp-json\/wp\/v2\/media?parent=11637"}],"wp:term":[{"taxonomy":"product_cat","embeddable":true,"href":"https:\/\/variacurtainpoles.uk\/fr\/wp-json\/wp\/v2\/product_cat?post=11637"},{"taxonomy":"product_tag","embeddable":true,"href":"https:\/\/variacurtainpoles.uk\/fr\/wp-json\/wp\/v2\/product_tag?post=11637"}],"curies":[{"name":"wp","href":"https:\/\/api.w.org\/{rel}","templated":true}]}}