{"id":11632,"date":"2016-04-28T08:41:36","date_gmt":"2016-04-28T08:41:36","guid":{"rendered":"http:\/\/variacurtainpoles.uk\/product\/feuille-deau-070327\/"},"modified":"2016-11-17T13:28:15","modified_gmt":"2016-11-17T13:28:15","slug":"feuille-deau-070327","status":"publish","type":"product","link":"https:\/\/variacurtainpoles.uk\/fr\/produit\/feuille-deau-070327\/","title":{"rendered":"Feuille d`Eau 070327"},"content":{"rendered":"<p><span class=\"red strong\">Nos produits sont fabriqu\u00e9s \u00e0 partir de mat\u00e9riaux nobel et enti\u00e8rement fabriqu\u00e9s \u00e0 la main.<br \/>\nLa finition sera faite sur mesure d'apres votre demande.<br \/>\n<\/span><\/p>\n<p><strong><span class=\"red strong\">Mat\u00e9riau \/ Finition Photo<\/span><\/strong><br \/>\nTringle \u00e0 rideaux: bois, noyer<br \/>\nFinial: bois, noix<\/p>\n<p><strong><span class=\"red strong\">Tringle \u00e0 rideau \u00f8:\u00a0<\/span><\/strong>40mm (1 1\/2 &quot;)<\/p>\n<p><strong><span class=\"red strong\">Embout L \/ H:<\/span><\/strong> 130\/80 mm<\/p>","protected":false},"excerpt":{"rendered":"<p><span class=\"red strong\">Nos produits sont fabriqu\u00e9s \u00e0 partir de mat\u00e9riaux nobel et enti\u00e8rement fabriqu\u00e9s \u00e0 la main.<br \/>\nLa finition sera faite sur mesure d'apres votre demande.<br \/>\n<\/span><\/p>\n<p><strong><span class=\"red strong\">Mat\u00e9riau \/ Finition Photo<\/span><\/strong><br \/>\nTringle \u00e0 rideaux: bois, noyer<br \/>\nFinial: bois, noix<\/p>\n<p><strong><span class=\"red strong\">Tringle \u00e0 rideau \u00f8:\u00a0<\/span><\/strong>40mm (1 1\/2 &quot;)<\/p>\n<p><strong><span class=\"red strong\">Embout L \/ H:<\/span><\/strong> 130\/80 mm<\/p>","protected":false},"featured_media":11633,"comment_status":"closed","ping_status":"closed","template":"","meta":[],"product_cat":[44,54,60],"product_tag":[91],"_links":{"self":[{"href":"https:\/\/variacurtainpoles.uk\/fr\/wp-json\/wp\/v2\/product\/11632"}],"collection":[{"href":"https:\/\/variacurtainpoles.uk\/fr\/wp-json\/wp\/v2\/product"}],"about":[{"href":"https:\/\/variacurtainpoles.uk\/fr\/wp-json\/wp\/v2\/types\/product"}],"replies":[{"embeddable":true,"href":"https:\/\/variacurtainpoles.uk\/fr\/wp-json\/wp\/v2\/comments?post=11632"}],"wp:featuredmedia":[{"embeddable":true,"href":"https:\/\/variacurtainpoles.uk\/fr\/wp-json\/wp\/v2\/media\/11633"}],"wp:attachment":[{"href":"https:\/\/variacurtainpoles.uk\/fr\/wp-json\/wp\/v2\/media?parent=11632"}],"wp:term":[{"taxonomy":"product_cat","embeddable":true,"href":"https:\/\/variacurtainpoles.uk\/fr\/wp-json\/wp\/v2\/product_cat?post=11632"},{"taxonomy":"product_tag","embeddable":true,"href":"https:\/\/variacurtainpoles.uk\/fr\/wp-json\/wp\/v2\/product_tag?post=11632"}],"curies":[{"name":"wp","href":"https:\/\/api.w.org\/{rel}","templated":true}]}}