{"id":11613,"date":"2016-04-25T12:42:40","date_gmt":"2016-04-25T12:42:40","guid":{"rendered":"http:\/\/variacurtainpoles.uk\/product\/biedermeier-1148\/"},"modified":"2016-11-17T13:30:25","modified_gmt":"2016-11-17T13:30:25","slug":"biedermeier-1148","status":"publish","type":"product","link":"https:\/\/variacurtainpoles.uk\/fr\/produit\/biedermeier-1148\/","title":{"rendered":"Biedermeier 1148"},"content":{"rendered":"<p><span class=\"red strong\">Nos produits sont fabriqu\u00e9s \u00e0 partir de mat\u00e9riaux nobel et enti\u00e8rement fabriqu\u00e9s \u00e0 la main.<br \/>\nLa finition sera faite sur mesure d'apres votre demande.<br \/>\n<\/span><\/p>\n<p><strong><span class=\"red strong\">Mat\u00e9riau \/ Finition Photo<\/span><\/strong><br \/>\nTringle \u00e0 rideaux: bois, finition ch\u00eane<br \/>\nFinial: laiton poli et verni<\/p>\n<p><strong><span class=\"red strong\">Tringle \u00e0 rideau \u00f8:\u00a0<\/span><\/strong>40mm (1 1\/2 &quot;)<\/p>\n<p><strong><span class=\"red strong\">Embout L \/ H:<\/span><\/strong> \u00a0145 \/ 100mm<\/p>","protected":false},"excerpt":{"rendered":"<p><span class=\"red strong\">Nos produits sont fabriqu\u00e9s \u00e0 partir de mat\u00e9riaux nobel et enti\u00e8rement fabriqu\u00e9s \u00e0 la main.<br \/>\nLa finition sera faite sur mesure d'apres votre demande.<br \/>\n<\/span><\/p>\n<p><strong><span class=\"red strong\">Mat\u00e9riau \/ Finition Photo<\/span><\/strong><br \/>\nTringle \u00e0 rideaux: bois, finition ch\u00eane<br \/>\nFinial: laiton poli et verni<\/p>\n<p><strong><span class=\"red strong\">Tringle \u00e0 rideau \u00f8:\u00a0<\/span><\/strong>40mm (1 1\/2 &quot;)<\/p>\n<p><strong><span class=\"red strong\">Embout L \/ H:<\/span><\/strong> \u00a0145 \/ 100mm<\/p>","protected":false},"featured_media":11614,"comment_status":"closed","ping_status":"closed","template":"","meta":[],"product_cat":[44,62,60],"product_tag":[92],"_links":{"self":[{"href":"https:\/\/variacurtainpoles.uk\/fr\/wp-json\/wp\/v2\/product\/11613"}],"collection":[{"href":"https:\/\/variacurtainpoles.uk\/fr\/wp-json\/wp\/v2\/product"}],"about":[{"href":"https:\/\/variacurtainpoles.uk\/fr\/wp-json\/wp\/v2\/types\/product"}],"replies":[{"embeddable":true,"href":"https:\/\/variacurtainpoles.uk\/fr\/wp-json\/wp\/v2\/comments?post=11613"}],"wp:featuredmedia":[{"embeddable":true,"href":"https:\/\/variacurtainpoles.uk\/fr\/wp-json\/wp\/v2\/media\/11614"}],"wp:attachment":[{"href":"https:\/\/variacurtainpoles.uk\/fr\/wp-json\/wp\/v2\/media?parent=11613"}],"wp:term":[{"taxonomy":"product_cat","embeddable":true,"href":"https:\/\/variacurtainpoles.uk\/fr\/wp-json\/wp\/v2\/product_cat?post=11613"},{"taxonomy":"product_tag","embeddable":true,"href":"https:\/\/variacurtainpoles.uk\/fr\/wp-json\/wp\/v2\/product_tag?post=11613"}],"curies":[{"name":"wp","href":"https:\/\/api.w.org\/{rel}","templated":true}]}}