{"id":12638,"date":"2016-01-16T20:42:26","date_gmt":"2016-01-16T20:42:26","guid":{"rendered":"http:\/\/variacurtainpoles.uk\/product\/stairs\/"},"modified":"2020-06-01T08:50:48","modified_gmt":"2020-06-01T08:50:48","slug":"rope-railing-for-staircases","status":"publish","type":"product","link":"https:\/\/variacurtainpoles.uk\/de\/produkt\/rope-railing-for-staircases\/","title":{"rendered":"Seilgel\u00e4nder f\u00fcr Treppen und Beschl\u00e4ge"},"content":{"rendered":"","protected":false},"excerpt":{"rendered":"","protected":false},"featured_media":12639,"comment_status":"closed","ping_status":"closed","template":"","meta":[],"product_cat":[38,125],"product_tag":[],"_links":{"self":[{"href":"https:\/\/variacurtainpoles.uk\/de\/wp-json\/wp\/v2\/product\/12638"}],"collection":[{"href":"https:\/\/variacurtainpoles.uk\/de\/wp-json\/wp\/v2\/product"}],"about":[{"href":"https:\/\/variacurtainpoles.uk\/de\/wp-json\/wp\/v2\/types\/product"}],"replies":[{"embeddable":true,"href":"https:\/\/variacurtainpoles.uk\/de\/wp-json\/wp\/v2\/comments?post=12638"}],"wp:featuredmedia":[{"embeddable":true,"href":"https:\/\/variacurtainpoles.uk\/de\/wp-json\/wp\/v2\/media\/12639"}],"wp:attachment":[{"href":"https:\/\/variacurtainpoles.uk\/de\/wp-json\/wp\/v2\/media?parent=12638"}],"wp:term":[{"taxonomy":"product_cat","embeddable":true,"href":"https:\/\/variacurtainpoles.uk\/de\/wp-json\/wp\/v2\/product_cat?post=12638"},{"taxonomy":"product_tag","embeddable":true,"href":"https:\/\/variacurtainpoles.uk\/de\/wp-json\/wp\/v2\/product_tag?post=12638"}],"curies":[{"name":"wp","href":"https:\/\/api.w.org\/{rel}","templated":true}]}}