{"id":12499,"date":"2016-11-10T22:57:42","date_gmt":"2016-11-10T22:57:42","guid":{"rendered":"http:\/\/variacurtainpoles.uk\/product\/bed-crown-wood-21-26\/"},"modified":"2016-11-17T10:58:18","modified_gmt":"2016-11-17T10:58:18","slug":"bed-crown-wood-21-26","status":"publish","type":"product","link":"https:\/\/variacurtainpoles.uk\/de\/produkt\/bed-crown-wood-21-26\/","title":{"rendered":"Bettkrone Holz 21\/26"},"content":{"rendered":"<p>Das Holz wird von Hand gebeizt und anschlie\u00dfend entweder mit Bienenwachs, Lack oder Vergoldung von Hand bearbeitet. Die Farbe k\u00f6nnen Sie aus unserer Farbpalette mit 28 Holzfarben ausw\u00e4hlen.<\/p>\n<p><strong>Farben <span class=\"red strong\">Foto: <\/span><\/strong>Wei\u00df<br \/>\n<strong>\u00d8:<\/strong> 50 cm<\/p>","protected":false},"excerpt":{"rendered":"<p>Das Holz wird von Hand gebeizt und anschlie\u00dfend entweder mit Bienenwachs, Lack oder Vergoldung von Hand bearbeitet. Die Farbe k\u00f6nnen Sie aus unserer Farbpalette mit 28 Holzfarben ausw\u00e4hlen.<\/p>\n<p><strong>Farben <span class=\"red strong\">Foto: <\/span><\/strong>Wei\u00df<br \/>\n<strong>\u00d8:<\/strong> 50 cm<\/p>","protected":false},"featured_media":12501,"comment_status":"closed","ping_status":"closed","template":"","meta":[],"product_cat":[38,121],"product_tag":[],"_links":{"self":[{"href":"https:\/\/variacurtainpoles.uk\/de\/wp-json\/wp\/v2\/product\/12499"}],"collection":[{"href":"https:\/\/variacurtainpoles.uk\/de\/wp-json\/wp\/v2\/product"}],"about":[{"href":"https:\/\/variacurtainpoles.uk\/de\/wp-json\/wp\/v2\/types\/product"}],"replies":[{"embeddable":true,"href":"https:\/\/variacurtainpoles.uk\/de\/wp-json\/wp\/v2\/comments?post=12499"}],"wp:featuredmedia":[{"embeddable":true,"href":"https:\/\/variacurtainpoles.uk\/de\/wp-json\/wp\/v2\/media\/12501"}],"wp:attachment":[{"href":"https:\/\/variacurtainpoles.uk\/de\/wp-json\/wp\/v2\/media?parent=12499"}],"wp:term":[{"taxonomy":"product_cat","embeddable":true,"href":"https:\/\/variacurtainpoles.uk\/de\/wp-json\/wp\/v2\/product_cat?post=12499"},{"taxonomy":"product_tag","embeddable":true,"href":"https:\/\/variacurtainpoles.uk\/de\/wp-json\/wp\/v2\/product_tag?post=12499"}],"curies":[{"name":"wp","href":"https:\/\/api.w.org\/{rel}","templated":true}]}}