{"id":12496,"date":"2016-11-10T22:15:25","date_gmt":"2016-11-10T22:15:25","guid":{"rendered":"http:\/\/variacurtainpoles.uk\/product\/bed-crown-wood-22\/"},"modified":"2016-11-17T10:59:54","modified_gmt":"2016-11-17T10:59:54","slug":"bed-crown-wood-22","status":"publish","type":"product","link":"https:\/\/variacurtainpoles.uk\/de\/produkt\/bed-crown-wood-22\/","title":{"rendered":"Bettkrone Holz 22"},"content":{"rendered":"<p>Das Holz wird von Hand gebeizt und anschlie\u00dfend entweder mit Bienenwachs, Lack oder Vergoldung von Hand bearbeitet. Die Farbe k\u00f6nnen Sie aus unserer Farbpalette mit 28 Holzfarben ausw\u00e4hlen.<\/p>\n<p><strong>Farben <span class=\"red strong\">Foto: <\/span><\/strong>Blattgold<br \/>\n<strong>\u00d8:<\/strong> 50 cm, 20 &quot;\/ 20 cm, 8&quot;<\/p>","protected":false},"excerpt":{"rendered":"<p>Das Holz wird von Hand gebeizt und anschlie\u00dfend entweder mit Bienenwachs, Lack oder Vergoldung von Hand bearbeitet. Die Farbe k\u00f6nnen Sie aus unserer Farbpalette mit 28 Holzfarben ausw\u00e4hlen.<\/p>\n<p><strong>Farben <span class=\"red strong\">Foto: <\/span><\/strong>Blattgold<br \/>\n<strong>\u00d8:<\/strong> 50 cm, 20 &quot;\/ 20 cm, 8&quot;<\/p>","protected":false},"featured_media":12497,"comment_status":"closed","ping_status":"closed","template":"","meta":[],"product_cat":[38,121],"product_tag":[],"_links":{"self":[{"href":"https:\/\/variacurtainpoles.uk\/de\/wp-json\/wp\/v2\/product\/12496"}],"collection":[{"href":"https:\/\/variacurtainpoles.uk\/de\/wp-json\/wp\/v2\/product"}],"about":[{"href":"https:\/\/variacurtainpoles.uk\/de\/wp-json\/wp\/v2\/types\/product"}],"replies":[{"embeddable":true,"href":"https:\/\/variacurtainpoles.uk\/de\/wp-json\/wp\/v2\/comments?post=12496"}],"wp:featuredmedia":[{"embeddable":true,"href":"https:\/\/variacurtainpoles.uk\/de\/wp-json\/wp\/v2\/media\/12497"}],"wp:attachment":[{"href":"https:\/\/variacurtainpoles.uk\/de\/wp-json\/wp\/v2\/media?parent=12496"}],"wp:term":[{"taxonomy":"product_cat","embeddable":true,"href":"https:\/\/variacurtainpoles.uk\/de\/wp-json\/wp\/v2\/product_cat?post=12496"},{"taxonomy":"product_tag","embeddable":true,"href":"https:\/\/variacurtainpoles.uk\/de\/wp-json\/wp\/v2\/product_tag?post=12496"}],"curies":[{"name":"wp","href":"https:\/\/api.w.org\/{rel}","templated":true}]}}