{"id":12127,"date":"2016-06-30T07:28:26","date_gmt":"2016-06-30T07:28:26","guid":{"rendered":"http:\/\/variacurtainpoles.uk\/?post_type=product&#038;p=12127"},"modified":"2016-11-17T11:52:59","modified_gmt":"2016-11-17T11:52:59","slug":"natural-untreated-22a","status":"publish","type":"product","link":"https:\/\/variacurtainpoles.uk\/de\/produkt\/natural-untreated-22a\/","title":{"rendered":"Nat\u00fcrlich unbehandelt - 22A"},"content":{"rendered":"<p>Alle unsere Holzaccessoires werden aus saisonalen franz\u00f6sischen Waldh\u00f6lzern hergestellt, die von Hand geformt und dann gealtert wurden.<\/p>\n<p>Unsere Holzprodukte werden von Hand gebeizt und anschlie\u00dfend entweder mit Bienenwachs, Lack oder Blattgold von Hand bearbeitet.<\/p>\n<p>ABC = Preiskategorie<\/p>","protected":false},"excerpt":{"rendered":"<p>Alle unsere Holzaccessoires werden aus saisonalen franz\u00f6sischen Waldh\u00f6lzern hergestellt, die von Hand geformt und dann gealtert wurden.<\/p>\n<p>Unsere Holzprodukte werden von Hand gebeizt und anschlie\u00dfend entweder mit Bienenwachs, Lack oder Blattgold von Hand bearbeitet.<\/p>\n<p>ABC = Preiskategorie<\/p>","protected":false},"featured_media":12097,"comment_status":"closed","ping_status":"closed","template":"","meta":[],"product_cat":[61,110],"product_tag":[95],"_links":{"self":[{"href":"https:\/\/variacurtainpoles.uk\/de\/wp-json\/wp\/v2\/product\/12127"}],"collection":[{"href":"https:\/\/variacurtainpoles.uk\/de\/wp-json\/wp\/v2\/product"}],"about":[{"href":"https:\/\/variacurtainpoles.uk\/de\/wp-json\/wp\/v2\/types\/product"}],"replies":[{"embeddable":true,"href":"https:\/\/variacurtainpoles.uk\/de\/wp-json\/wp\/v2\/comments?post=12127"}],"wp:featuredmedia":[{"embeddable":true,"href":"https:\/\/variacurtainpoles.uk\/de\/wp-json\/wp\/v2\/media\/12097"}],"wp:attachment":[{"href":"https:\/\/variacurtainpoles.uk\/de\/wp-json\/wp\/v2\/media?parent=12127"}],"wp:term":[{"taxonomy":"product_cat","embeddable":true,"href":"https:\/\/variacurtainpoles.uk\/de\/wp-json\/wp\/v2\/product_cat?post=12127"},{"taxonomy":"product_tag","embeddable":true,"href":"https:\/\/variacurtainpoles.uk\/de\/wp-json\/wp\/v2\/product_tag?post=12127"}],"curies":[{"name":"wp","href":"https:\/\/api.w.org\/{rel}","templated":true}]}}