{"id":12113,"date":"2016-06-29T09:50:15","date_gmt":"2016-06-29T09:50:15","guid":{"rendered":"http:\/\/variacurtainpoles.uk\/?post_type=product&#038;p=12113"},"modified":"2020-05-27T16:43:19","modified_gmt":"2020-05-27T16:43:19","slug":"white-12b","status":"publish","type":"product","link":"https:\/\/variacurtainpoles.uk\/de\/produkt\/white-12b\/","title":{"rendered":"Wei\u00df glasiert - 12B"},"content":{"rendered":"<p>Alle unsere Holzaccessoires werden aus saisonalen franz\u00f6sischen Waldh\u00f6lzern hergestellt, die von Hand geformt und dann gealtert wurden.<\/p>\n<p>Unsere Holzprodukte werden von Hand gebeizt und anschlie\u00dfend entweder mit Bienenwachs, Lack oder Blattgold von Hand bearbeitet.<\/p>\n<p>ABC = Preiskategorie<\/p>","protected":false},"excerpt":{"rendered":"<p>Alle unsere Holzaccessoires werden aus saisonalen franz\u00f6sischen Waldh\u00f6lzern hergestellt, die von Hand geformt und dann gealtert wurden.<\/p>\n<p>Unsere Holzprodukte werden von Hand gebeizt und anschlie\u00dfend entweder mit Bienenwachs, Lack oder Blattgold von Hand bearbeitet.<\/p>\n<p>ABC = Preiskategorie<\/p>","protected":false},"featured_media":12103,"comment_status":"closed","ping_status":"closed","template":"","meta":[],"product_cat":[61,110],"product_tag":[95],"_links":{"self":[{"href":"https:\/\/variacurtainpoles.uk\/de\/wp-json\/wp\/v2\/product\/12113"}],"collection":[{"href":"https:\/\/variacurtainpoles.uk\/de\/wp-json\/wp\/v2\/product"}],"about":[{"href":"https:\/\/variacurtainpoles.uk\/de\/wp-json\/wp\/v2\/types\/product"}],"replies":[{"embeddable":true,"href":"https:\/\/variacurtainpoles.uk\/de\/wp-json\/wp\/v2\/comments?post=12113"}],"wp:featuredmedia":[{"embeddable":true,"href":"https:\/\/variacurtainpoles.uk\/de\/wp-json\/wp\/v2\/media\/12103"}],"wp:attachment":[{"href":"https:\/\/variacurtainpoles.uk\/de\/wp-json\/wp\/v2\/media?parent=12113"}],"wp:term":[{"taxonomy":"product_cat","embeddable":true,"href":"https:\/\/variacurtainpoles.uk\/de\/wp-json\/wp\/v2\/product_cat?post=12113"},{"taxonomy":"product_tag","embeddable":true,"href":"https:\/\/variacurtainpoles.uk\/de\/wp-json\/wp\/v2\/product_tag?post=12113"}],"curies":[{"name":"wp","href":"https:\/\/api.w.org\/{rel}","templated":true}]}}