{"id":12864,"date":"2017-06-15T09:57:32","date_gmt":"2017-06-15T09:57:32","guid":{"rendered":"https:\/\/variacurtainpoles.uk\/?page_id=12864"},"modified":"2020-09-18T06:27:45","modified_gmt":"2020-09-18T06:27:45","slug":"chrome","status":"publish","type":"page","link":"https:\/\/variacurtainpoles.uk\/de\/chrome\/","title":{"rendered":"Nickel"},"content":{"rendered":"<p><div class=\"fusion-fullwidth fullwidth-box fusion-builder-row-1 nonhundred-percent-fullwidth non-hundred-percent-height-scrolling\" style=\"--awb-background-position:left top;--awb-border-color:#e5e4e4;--awb-border-radius-top-left:0px;--awb-border-radius-top-right:0px;--awb-border-radius-bottom-right:0px;--awb-border-radius-bottom-left:0px;--awb-padding-top:0px;--awb-padding-bottom:0px;--awb-border-sizes-top:0px;--awb-border-sizes-bottom:0px;\" ><div class=\"fusion-builder-row fusion-row\"><div class=\"fusion-layout-column fusion_builder_column fusion-builder-column-0 fusion_builder_column_1_1 1_1 fusion-one-full fusion-column-first fusion-column-last\" style=\"--awb-bg-size:cover;\"><div class=\"fusion-column-wrapper fusion-flex-column-wrapper-legacy\"><div class=\"fusion-text fusion-text-1\"><h1 style=\"text-align: center;\">Unsere Nickel Vorhangstangen und Endst\u00fccke<\/h1>\n<p style=\"text-align: center;\">Nickel Endst\u00fccke sind f\u00fcr Vorhangstangen mit dem Durchmesser von  40mm erh\u00e4ltlich<\/p>\n<\/div><div class=\"woocommerce columns-3\"><ul class=\"products clearfix products-3\">\n<li class=\"product type-product post-12858 status-publish first instock product_cat-40mm-1-5-inches product_cat-chrome has-post-thumbnail featured shipping-taxable product-type-simple product-grid-view\">\n\t<div class=\"fusion-product-wrapper\">\n<div class=\"fusion-clean-product-image-wrapper\">\n\t<div  class=\"fusion-image-wrapper fusion-image-size-fixed\" aria-haspopup=\"true\">\n\t\t\t\t<img decoding=\"async\" width=\"500\" height=\"394\" src=\"https:\/\/variacurtainpoles.uk\/wp-content\/uploads\/2017\/06\/Chrom-Belon-1140-2-500x394.jpg\" class=\"attachment-woocommerce_thumbnail size-woocommerce_thumbnail wp-post-image\" alt=\"Ncikel Belon 1140\" srcset=\"https:\/\/variacurtainpoles.uk\/wp-content\/uploads\/2017\/06\/Chrom-Belon-1140-2-200x158.jpg 200w, https:\/\/variacurtainpoles.uk\/wp-content\/uploads\/2017\/06\/Chrom-Belon-1140-2-265x209.jpg 265w, https:\/\/variacurtainpoles.uk\/wp-content\/uploads\/2017\/06\/Chrom-Belon-1140-2-400x316.jpg 400w, https:\/\/variacurtainpoles.uk\/wp-content\/uploads\/2017\/06\/Chrom-Belon-1140-2-500x394.jpg 500w, https:\/\/variacurtainpoles.uk\/wp-content\/uploads\/2017\/06\/Chrom-Belon-1140-2-600x473.jpg 600w, https:\/\/variacurtainpoles.uk\/wp-content\/uploads\/2017\/06\/Chrom-Belon-1140-2-700x552.jpg 700w, https:\/\/variacurtainpoles.uk\/wp-content\/uploads\/2017\/06\/Chrom-Belon-1140-2-768x606.jpg 768w, https:\/\/variacurtainpoles.uk\/wp-content\/uploads\/2017\/06\/Chrom-Belon-1140-2-800x631.jpg 800w, https:\/\/variacurtainpoles.uk\/wp-content\/uploads\/2017\/06\/Chrom-Belon-1140-2.jpg 900w\" sizes=\"(max-width: 500px) 100vw, 500px\" \/><div class=\"fusion-rollover\">\n\t<div class=\"fusion-rollover-content\">\n\n\t\t\t\t\n\t\t\n\t\t\t\t\t\t\t\t\n\t\t\t\t\t\t\t\t\n\t\t\n\t\t\t\t\t\t\t\t\t\t\t\t\t\t\t\n\t\t\t\t\t\t\n\t\t\t\t\t\t\t\t\t\t<div class=\"fusion-product-buttons\">\n\t\t\t\t\t\n<a href=\"https:\/\/variacurtainpoles.uk\/de\/produkt\/belon-chrom-1140\/\" class=\"show_details_button\" style=\"float:none;max-width:none;text-align:center;\">\n\tEinzelheiten<\/a>\n\n\t\t\t\t<\/div>\n\t\t\t\t\t\t\t\t\t<a class=\"fusion-link-wrapper\" href=\"https:\/\/variacurtainpoles.uk\/de\/produkt\/belon-chrom-1140\/\" aria-label=\"Belon Nickel 1140\"><\/a>\n\t<\/div>\n<\/div>\n<\/div>\n<\/div>\n<div class=\"fusion-product-content\">\n\t<div class=\"product-details\">\n\t\t<div class=\"product-details-container\">\n<h3 class=\"product-title\">\n\t<a href=\"https:\/\/variacurtainpoles.uk\/de\/produkt\/belon-chrom-1140\/\">\n\t\tBelon Nickel 1140\t<\/a>\n<\/h3>\n<div class=\"fusion-price-rating\">\n\n\t\t<\/div>\n\t<\/div>\n<\/div>\n\n\t<\/div> \n<a class=\"xoo-qv-button\" qv-id = \"12858\"><span class=\"xoo-qv-btn-icon xooqv-eye xoo-qv\"><\/span>Schnellansicht<\/a>\n\n<\/div>\n<\/li>\n<li class=\"product type-product post-12853 status-publish instock product_cat-40mm-1-5-inches product_cat-chrome has-post-thumbnail featured shipping-taxable product-type-simple product-grid-view\">\n\t<div class=\"fusion-product-wrapper\">\n<div class=\"fusion-clean-product-image-wrapper\">\n\t<div  class=\"fusion-image-wrapper fusion-image-size-fixed\" aria-haspopup=\"true\">\n\t\t\t\t<img decoding=\"async\" width=\"500\" height=\"375\" src=\"https:\/\/variacurtainpoles.uk\/wp-content\/uploads\/2017\/06\/Chrom-Plissee-1036-900-1-500x375.jpg\" class=\"attachment-woocommerce_thumbnail size-woocommerce_thumbnail wp-post-image\" alt=\"Nickel Plissee 1036\" srcset=\"https:\/\/variacurtainpoles.uk\/wp-content\/uploads\/2017\/06\/Chrom-Plissee-1036-900-1-200x150.jpg 200w, https:\/\/variacurtainpoles.uk\/wp-content\/uploads\/2017\/06\/Chrom-Plissee-1036-900-1-265x199.jpg 265w, https:\/\/variacurtainpoles.uk\/wp-content\/uploads\/2017\/06\/Chrom-Plissee-1036-900-1-400x300.jpg 400w, https:\/\/variacurtainpoles.uk\/wp-content\/uploads\/2017\/06\/Chrom-Plissee-1036-900-1-500x375.jpg 500w, https:\/\/variacurtainpoles.uk\/wp-content\/uploads\/2017\/06\/Chrom-Plissee-1036-900-1-600x450.jpg 600w, https:\/\/variacurtainpoles.uk\/wp-content\/uploads\/2017\/06\/Chrom-Plissee-1036-900-1-700x525.jpg 700w, https:\/\/variacurtainpoles.uk\/wp-content\/uploads\/2017\/06\/Chrom-Plissee-1036-900-1-768x576.jpg 768w, https:\/\/variacurtainpoles.uk\/wp-content\/uploads\/2017\/06\/Chrom-Plissee-1036-900-1-800x600.jpg 800w, https:\/\/variacurtainpoles.uk\/wp-content\/uploads\/2017\/06\/Chrom-Plissee-1036-900-1.jpg 900w\" sizes=\"(max-width: 500px) 100vw, 500px\" \/><div class=\"fusion-rollover\">\n\t<div class=\"fusion-rollover-content\">\n\n\t\t\t\t\n\t\t\n\t\t\t\t\t\t\t\t\n\t\t\t\t\t\t\t\t\n\t\t\n\t\t\t\t\t\t\t\t\t\t\t\t\t\t\t\n\t\t\t\t\t\t\n\t\t\t\t\t\t\t\t\t\t<div class=\"fusion-product-buttons\">\n\t\t\t\t\t\n<a href=\"https:\/\/variacurtainpoles.uk\/de\/produkt\/plissee-chrom\/\" class=\"show_details_button\" style=\"float:none;max-width:none;text-align:center;\">\n\tEinzelheiten<\/a>\n\n\t\t\t\t<\/div>\n\t\t\t\t\t\t\t\t\t<a class=\"fusion-link-wrapper\" href=\"https:\/\/variacurtainpoles.uk\/de\/produkt\/plissee-chrom\/\" aria-label=\"Plissee Nickel 1036\"><\/a>\n\t<\/div>\n<\/div>\n<\/div>\n<\/div>\n<div class=\"fusion-product-content\">\n\t<div class=\"product-details\">\n\t\t<div class=\"product-details-container\">\n<h3 class=\"product-title\">\n\t<a href=\"https:\/\/variacurtainpoles.uk\/de\/produkt\/plissee-chrom\/\">\n\t\tPlissee Nickel 1036\t<\/a>\n<\/h3>\n<div class=\"fusion-price-rating\">\n\n\t\t<\/div>\n\t<\/div>\n<\/div>\n\n\t<\/div> \n<a class=\"xoo-qv-button\" qv-id = \"12853\"><span class=\"xoo-qv-btn-icon xooqv-eye xoo-qv\"><\/span>Schnellansicht<\/a>\n\n<\/div>\n<\/li>\n<li class=\"product type-product post-12850 status-publish last instock product_cat-40mm-1-5-inches product_cat-chrome has-post-thumbnail featured shipping-taxable product-type-simple product-grid-view\">\n\t<div class=\"fusion-product-wrapper\">\n<div class=\"fusion-clean-product-image-wrapper\">\n\t<div  class=\"fusion-image-wrapper fusion-image-size-fixed\" aria-haspopup=\"true\">\n\t\t\t\t<img decoding=\"async\" width=\"500\" height=\"405\" src=\"https:\/\/variacurtainpoles.uk\/wp-content\/uploads\/2017\/06\/chrome-boule-1172-3-500x405.jpg\" class=\"attachment-woocommerce_thumbnail size-woocommerce_thumbnail wp-post-image\" alt=\"Nickel Boule 1172\" srcset=\"https:\/\/variacurtainpoles.uk\/wp-content\/uploads\/2017\/06\/chrome-boule-1172-3-177x142.jpg 177w, https:\/\/variacurtainpoles.uk\/wp-content\/uploads\/2017\/06\/chrome-boule-1172-3-200x162.jpg 200w, https:\/\/variacurtainpoles.uk\/wp-content\/uploads\/2017\/06\/chrome-boule-1172-3-265x215.jpg 265w, https:\/\/variacurtainpoles.uk\/wp-content\/uploads\/2017\/06\/chrome-boule-1172-3-400x324.jpg 400w, https:\/\/variacurtainpoles.uk\/wp-content\/uploads\/2017\/06\/chrome-boule-1172-3-500x405.jpg 500w, https:\/\/variacurtainpoles.uk\/wp-content\/uploads\/2017\/06\/chrome-boule-1172-3-600x486.jpg 600w, https:\/\/variacurtainpoles.uk\/wp-content\/uploads\/2017\/06\/chrome-boule-1172-3-700x567.jpg 700w, https:\/\/variacurtainpoles.uk\/wp-content\/uploads\/2017\/06\/chrome-boule-1172-3-768x622.jpg 768w, https:\/\/variacurtainpoles.uk\/wp-content\/uploads\/2017\/06\/chrome-boule-1172-3-800x648.jpg 800w, https:\/\/variacurtainpoles.uk\/wp-content\/uploads\/2017\/06\/chrome-boule-1172-3.jpg 900w\" sizes=\"(max-width: 500px) 100vw, 500px\" \/><div class=\"fusion-rollover\">\n\t<div class=\"fusion-rollover-content\">\n\n\t\t\t\t\n\t\t\n\t\t\t\t\t\t\t\t\n\t\t\t\t\t\t\t\t\n\t\t\n\t\t\t\t\t\t\t\t\t\t\t\t\t\t\t\n\t\t\t\t\t\t\n\t\t\t\t\t\t\t\t\t\t<div class=\"fusion-product-buttons\">\n\t\t\t\t\t\n<a href=\"https:\/\/variacurtainpoles.uk\/de\/produkt\/boule-chrom\/\" class=\"show_details_button\" style=\"float:none;max-width:none;text-align:center;\">\n\tEinzelheiten<\/a>\n\n\t\t\t\t<\/div>\n\t\t\t\t\t\t\t\t\t<a class=\"fusion-link-wrapper\" href=\"https:\/\/variacurtainpoles.uk\/de\/produkt\/boule-chrom\/\" aria-label=\"Boule Nickel 1172\"><\/a>\n\t<\/div>\n<\/div>\n<\/div>\n<\/div>\n<div class=\"fusion-product-content\">\n\t<div class=\"product-details\">\n\t\t<div class=\"product-details-container\">\n<h3 class=\"product-title\">\n\t<a href=\"https:\/\/variacurtainpoles.uk\/de\/produkt\/boule-chrom\/\">\n\t\tBoule Nickel 1172\t<\/a>\n<\/h3>\n<div class=\"fusion-price-rating\">\n\n\t\t<\/div>\n\t<\/div>\n<\/div>\n\n\t<\/div> \n<a class=\"xoo-qv-button\" qv-id = \"12850\"><span class=\"xoo-qv-btn-icon xooqv-eye xoo-qv\"><\/span>Schnellansicht<\/a>\n\n<\/div>\n<\/li>\n<\/ul>\n<\/div><div class=\"fusion-text fusion-text-2\"><h1 style=\"text-align: center;\">Unser Vorhangstangenzubeh\u00f6r in Nickel<\/h1>\n<\/div><div class=\"woocommerce columns-3\"><ul class=\"products clearfix products-3\">\n<li class=\"product type-product post-12895 status-publish first instock product_cat-accessories product_cat-curtain-accessories-chrome product_cat-supports has-post-thumbnail featured shipping-taxable product-type-simple product-grid-view\">\n\t<div class=\"fusion-product-wrapper\">\n<div class=\"fusion-clean-product-image-wrapper\">\n\t<div  class=\"fusion-image-wrapper fusion-image-size-fixed\" aria-haspopup=\"true\">\n\t\t\t\t<img decoding=\"async\" width=\"500\" height=\"373\" src=\"https:\/\/variacurtainpoles.uk\/wp-content\/uploads\/2017\/06\/support-chrome-1420-500x373.jpg\" class=\"attachment-woocommerce_thumbnail size-woocommerce_thumbnail wp-post-image\" alt=\"\" srcset=\"https:\/\/variacurtainpoles.uk\/wp-content\/uploads\/2017\/06\/support-chrome-1420-200x149.jpg 200w, https:\/\/variacurtainpoles.uk\/wp-content\/uploads\/2017\/06\/support-chrome-1420-265x198.jpg 265w, https:\/\/variacurtainpoles.uk\/wp-content\/uploads\/2017\/06\/support-chrome-1420-400x299.jpg 400w, https:\/\/variacurtainpoles.uk\/wp-content\/uploads\/2017\/06\/support-chrome-1420-500x373.jpg 500w, https:\/\/variacurtainpoles.uk\/wp-content\/uploads\/2017\/06\/support-chrome-1420-600x448.jpg 600w, https:\/\/variacurtainpoles.uk\/wp-content\/uploads\/2017\/06\/support-chrome-1420-700x523.jpg 700w, https:\/\/variacurtainpoles.uk\/wp-content\/uploads\/2017\/06\/support-chrome-1420-768x574.jpg 768w, https:\/\/variacurtainpoles.uk\/wp-content\/uploads\/2017\/06\/support-chrome-1420-800x597.jpg 800w, https:\/\/variacurtainpoles.uk\/wp-content\/uploads\/2017\/06\/support-chrome-1420.jpg 1110w\" sizes=\"(max-width: 500px) 100vw, 500px\" \/><div class=\"fusion-rollover\">\n\t<div class=\"fusion-rollover-content\">\n\n\t\t\t\t\n\t\t\n\t\t\t\t\t\t\t\t\n\t\t\t\t\t\t\t\t\n\t\t\n\t\t\t\t\t\t\t\t\t\t\t\t\t\t\t\n\t\t\t\t\t\t\n\t\t\t\t\t\t\t\t\t\t<div class=\"fusion-product-buttons\">\n\t\t\t\t\t\n<a href=\"https:\/\/variacurtainpoles.uk\/de\/produkt\/support-bracket-chrome-1420\/\" class=\"show_details_button\" style=\"float:none;max-width:none;text-align:center;\">\n\tEinzelheiten<\/a>\n\n\t\t\t\t<\/div>\n\t\t\t\t\t\t\t\t\t<a class=\"fusion-link-wrapper\" href=\"https:\/\/variacurtainpoles.uk\/de\/produkt\/support-bracket-chrome-1420\/\" aria-label=\"Halterung Nickel 1420\"><\/a>\n\t<\/div>\n<\/div>\n<\/div>\n<\/div>\n<div class=\"fusion-product-content\">\n\t<div class=\"product-details\">\n\t\t<div class=\"product-details-container\">\n<h3 class=\"product-title\">\n\t<a href=\"https:\/\/variacurtainpoles.uk\/de\/produkt\/support-bracket-chrome-1420\/\">\n\t\tHalterung Nickel 1420\t<\/a>\n<\/h3>\n<div class=\"fusion-price-rating\">\n\n\t\t<\/div>\n\t<\/div>\n<\/div>\n\n\t<\/div> \n<a class=\"xoo-qv-button\" qv-id = \"12895\"><span class=\"xoo-qv-btn-icon xooqv-eye xoo-qv\"><\/span>Schnellansicht<\/a>\n\n<\/div>\n<\/li>\n<li class=\"product type-product post-12892 status-publish instock product_cat-accessories product_cat-curtain-accessories-chrome product_cat-rings has-post-thumbnail featured shipping-taxable product-type-simple product-grid-view\">\n\t<div class=\"fusion-product-wrapper\">\n<div class=\"fusion-clean-product-image-wrapper\">\n\t<div  class=\"fusion-image-wrapper fusion-image-size-fixed\" aria-haspopup=\"true\">\n\t\t\t\t<img decoding=\"async\" width=\"500\" height=\"373\" src=\"https:\/\/variacurtainpoles.uk\/wp-content\/uploads\/2017\/06\/rings-chrome-500x373.jpg\" class=\"attachment-woocommerce_thumbnail size-woocommerce_thumbnail wp-post-image\" alt=\"\" srcset=\"https:\/\/variacurtainpoles.uk\/wp-content\/uploads\/2017\/06\/rings-chrome-200x149.jpg 200w, https:\/\/variacurtainpoles.uk\/wp-content\/uploads\/2017\/06\/rings-chrome-265x198.jpg 265w, https:\/\/variacurtainpoles.uk\/wp-content\/uploads\/2017\/06\/rings-chrome-400x299.jpg 400w, https:\/\/variacurtainpoles.uk\/wp-content\/uploads\/2017\/06\/rings-chrome-500x373.jpg 500w, https:\/\/variacurtainpoles.uk\/wp-content\/uploads\/2017\/06\/rings-chrome-600x448.jpg 600w, https:\/\/variacurtainpoles.uk\/wp-content\/uploads\/2017\/06\/rings-chrome-700x523.jpg 700w, https:\/\/variacurtainpoles.uk\/wp-content\/uploads\/2017\/06\/rings-chrome-768x574.jpg 768w, https:\/\/variacurtainpoles.uk\/wp-content\/uploads\/2017\/06\/rings-chrome-800x597.jpg 800w, https:\/\/variacurtainpoles.uk\/wp-content\/uploads\/2017\/06\/rings-chrome.jpg 1110w\" sizes=\"(max-width: 500px) 100vw, 500px\" \/><div class=\"fusion-rollover\">\n\t<div class=\"fusion-rollover-content\">\n\n\t\t\t\t\n\t\t\n\t\t\t\t\t\t\t\t\n\t\t\t\t\t\t\t\t\n\t\t\n\t\t\t\t\t\t\t\t\t\t\t\t\t\t\t\n\t\t\t\t\t\t\n\t\t\t\t\t\t\t\t\t\t<div class=\"fusion-product-buttons\">\n\t\t\t\t\t\n<a href=\"https:\/\/variacurtainpoles.uk\/de\/produkt\/ring-chrome-141\/\" class=\"show_details_button\" style=\"float:none;max-width:none;text-align:center;\">\n\tEinzelheiten<\/a>\n\n\t\t\t\t<\/div>\n\t\t\t\t\t\t\t\t\t<a class=\"fusion-link-wrapper\" href=\"https:\/\/variacurtainpoles.uk\/de\/produkt\/ring-chrome-141\/\" aria-label=\"Nickel Ring 141\"><\/a>\n\t<\/div>\n<\/div>\n<\/div>\n<\/div>\n<div class=\"fusion-product-content\">\n\t<div class=\"product-details\">\n\t\t<div class=\"product-details-container\">\n<h3 class=\"product-title\">\n\t<a href=\"https:\/\/variacurtainpoles.uk\/de\/produkt\/ring-chrome-141\/\">\n\t\tNickel Ring 141\t<\/a>\n<\/h3>\n<div class=\"fusion-price-rating\">\n\n\t\t<\/div>\n\t<\/div>\n<\/div>\n\n\t<\/div> \n<a class=\"xoo-qv-button\" qv-id = \"12892\"><span class=\"xoo-qv-btn-icon xooqv-eye xoo-qv\"><\/span>Schnellansicht<\/a>\n\n<\/div>\n<\/li>\n<\/ul>\n<\/div><div class=\"fusion-clearfix\"><\/div><\/div><\/div><\/div><\/div><div class=\"fusion-fullwidth fullwidth-box fusion-builder-row-2 fusion-parallax-fixed nonhundred-percent-fullwidth non-hundred-percent-height-scrolling\" style=\"--awb-background-position:right top;--awb-border-radius-top-left:0px;--awb-border-radius-top-right:0px;--awb-border-radius-bottom-right:0px;--awb-border-radius-bottom-left:0px;--awb-padding-top:250px;--awb-padding-right:0px;--awb-padding-bottom:250px;--awb-padding-left:0px;--awb-background-image:url(&quot;https:\/\/variacurtainpoles.uk\/wp-content\/uploads\/2017\/06\/Chrom-Plissee-Bad-bg-4.jpg&quot;);--awb-background-size:cover;--awb-border-sizes-top:0px;--awb-border-sizes-bottom:0px;background-attachment:fixed;\" ><div class=\"fusion-builder-row fusion-row\"><\/div><\/div><div class=\"fusion-fullwidth fullwidth-box fusion-builder-row-3 nonhundred-percent-fullwidth non-hundred-percent-height-scrolling\" style=\"--awb-background-position:left top;--awb-border-radius-top-left:0px;--awb-border-radius-top-right:0px;--awb-border-radius-bottom-right:0px;--awb-border-radius-bottom-left:0px;--awb-padding-top:20px;--awb-padding-right:0px;--awb-padding-bottom:20px;--awb-padding-left:0px;--awb-border-sizes-top:0px;--awb-border-sizes-bottom:0px;\" id=\"home-download\" ><div class=\"fusion-builder-row fusion-row\"><div class=\"fusion-layout-column fusion_builder_column fusion-builder-column-1 fusion_builder_column_1_1 1_1 fusion-one-full fusion-column-first fusion-column-last fusion-column-no-min-height\" style=\"--awb-bg-size:cover;--awb-margin-top:0px;--awb-margin-bottom:0px;\"><div class=\"fusion-column-wrapper fusion-flex-column-wrapper-legacy\"><div class=\"fusion-text fusion-text-3\"><p style=\"text-align: center;\">Lieferzeit: Wir haben alles auf Lager und liefern innerhalb einer Woche.<\/p>\n<p style=\"text-align: center;\">Z\u00f6gern Sie nicht einen Kostenvoranschlag anzufordern.<\/p>\n<p class=\"textblaumittel\" style=\"text-align: center;\"><strong>Alle unsere Gardinenstangen, Endst\u00fccke und Accessoires sind handgefertigt und wir sind bestrebt, die h\u00f6chstm\u00f6gliche Qualit\u00e4t zu produzieren.<\/strong><\/p>\n<p class=\"textblaumittel\" style=\"text-align: center;\"><a href=\"https:\/\/variacurtainpoles.uk\/contact\/\"><strong>Kontaktieren Sie uns<\/strong><\/a><\/p>\n<\/div><div class=\"fusion-clearfix\"><\/div><\/div><\/div><\/div><\/div><\/p>","protected":false},"excerpt":{"rendered":"","protected":false},"author":1,"featured_media":0,"parent":0,"menu_order":0,"comment_status":"closed","ping_status":"closed","template":"100-width.php","meta":{"footnotes":""},"_links":{"self":[{"href":"https:\/\/variacurtainpoles.uk\/de\/wp-json\/wp\/v2\/pages\/12864"}],"collection":[{"href":"https:\/\/variacurtainpoles.uk\/de\/wp-json\/wp\/v2\/pages"}],"about":[{"href":"https:\/\/variacurtainpoles.uk\/de\/wp-json\/wp\/v2\/types\/page"}],"author":[{"embeddable":true,"href":"https:\/\/variacurtainpoles.uk\/de\/wp-json\/wp\/v2\/users\/1"}],"replies":[{"embeddable":true,"href":"https:\/\/variacurtainpoles.uk\/de\/wp-json\/wp\/v2\/comments?post=12864"}],"version-history":[{"count":22,"href":"https:\/\/variacurtainpoles.uk\/de\/wp-json\/wp\/v2\/pages\/12864\/revisions"}],"predecessor-version":[{"id":13628,"href":"https:\/\/variacurtainpoles.uk\/de\/wp-json\/wp\/v2\/pages\/12864\/revisions\/13628"}],"wp:attachment":[{"href":"https:\/\/variacurtainpoles.uk\/de\/wp-json\/wp\/v2\/media?parent=12864"}],"curies":[{"name":"wp","href":"https:\/\/api.w.org\/{rel}","templated":true}]}}