{"id":12326,"date":"2016-09-21T16:02:27","date_gmt":"2016-09-21T16:02:27","guid":{"rendered":"http:\/\/variacurtainpoles.uk\/?page_id=12326"},"modified":"2020-03-31T08:50:04","modified_gmt":"2020-03-31T08:50:04","slug":"foundry","status":"publish","type":"page","link":"https:\/\/variacurtainpoles.uk\/de\/foundry\/","title":{"rendered":"Gie\u00dferei"},"content":{"rendered":"<div class=\"fusion-fullwidth fullwidth-box fusion-builder-row-1 transparent_container nonhundred-percent-fullwidth non-hundred-percent-height-scrolling\" style=\"--awb-background-position:left top;--awb-border-radius-top-left:0px;--awb-border-radius-top-right:0px;--awb-border-radius-bottom-right:0px;--awb-border-radius-bottom-left:0px;--awb-padding-top:20px;--awb-padding-right:20px;--awb-padding-bottom:20px;--awb-padding-left:20px;--awb-background-color:#ffffff;--awb-border-sizes-top:0px;--awb-border-sizes-bottom:0px;\" id=\"foundry\" ><div class=\"fusion-builder-row fusion-row\"><div class=\"fusion-layout-column fusion_builder_column fusion-builder-column-0 fusion_builder_column_1_1 1_1 fusion-one-full fusion-column-first fusion-column-last fusion-column-no-min-height\" style=\"--awb-bg-size:cover;--awb-margin-top:0px;--awb-margin-bottom:0px;\"><div class=\"fusion-column-wrapper fusion-flex-column-wrapper-legacy\"><div class=\"fusion-text fusion-text-1\"><h1 style=\"text-align: center;\">Unsere Gie\u00dferei wurde 1851 gegr\u00fcndet und befindet sich in Nordfrankreich<\/h1>\n<h2 style=\"text-align: center;\">Unsere Gie\u00dferei ist reich an Geschichte und Handwerkskunst. Sie stellt Gardinenstangen und Accessoires von h\u00f6chster Qualit\u00e4t wie zu Zeiten des 19. Jahrhunderts her.<\/h2>\n<\/div><div class=\"fusion-clearfix\"><\/div><\/div><\/div><div class=\"fusion-layout-column fusion_builder_column fusion-builder-column-1 fusion_builder_column_1_1 1_1 fusion-one-full fusion-column-first fusion-column-last\" style=\"--awb-bg-size:cover;\"><div class=\"fusion-column-wrapper fusion-flex-column-wrapper-legacy\"><div class=\"awb-gallery-wrapper awb-gallery-wrapper-1 button-span-no\"><div style=\"margin:-5px;--awb-bordersize:0px;\" class=\"fusion-gallery fusion-gallery-container fusion-grid-3 fusion-columns-total-6 fusion-gallery-layout-grid fusion-gallery-1\"><div style=\"padding:5px;\" class=\"fusion-grid-column fusion-gallery-column fusion-gallery-column-3 hover-type-none\"><div class=\"fusion-gallery-image\"><a href=\"https:\/\/variacurtainpoles.uk\/wp-content\/uploads\/2016\/09\/Foundry-oven-1100.jpg\" rel=\"noreferrer\" data-rel=\"iLightbox[gallery_image_1]\" class=\"fusion-lightbox\" target=\"_self\"><img decoding=\"async\" src=\"https:\/\/variacurtainpoles.uk\/wp-content\/uploads\/2016\/09\/Foundry-oven-1100.jpg\" width=\"1100\" height=\"1467\" alt=\"\" title=\"Gie\u00dferei-Ofen-1100\" aria-label=\"Gie\u00dferei-Ofen-1100\" class=\"img-responsive wp-image-12345\" srcset=\"https:\/\/variacurtainpoles.uk\/wp-content\/uploads\/2016\/09\/Foundry-oven-1100-200x267.jpg 200w, https:\/\/variacurtainpoles.uk\/wp-content\/uploads\/2016\/09\/Foundry-oven-1100-400x533.jpg 400w, https:\/\/variacurtainpoles.uk\/wp-content\/uploads\/2016\/09\/Foundry-oven-1100-600x800.jpg 600w, https:\/\/variacurtainpoles.uk\/wp-content\/uploads\/2016\/09\/Foundry-oven-1100-800x1067.jpg 800w, https:\/\/variacurtainpoles.uk\/wp-content\/uploads\/2016\/09\/Foundry-oven-1100.jpg 1100w\" sizes=\"(min-width: 2200px) 100vw, (min-width: 784px) 363px, (min-width: 712px) 545px, (min-width: 640px) 712px, \" \/><\/a><\/div><\/div><div style=\"padding:5px;\" class=\"fusion-grid-column fusion-gallery-column fusion-gallery-column-3 hover-type-none\"><div class=\"fusion-gallery-image\"><a href=\"https:\/\/variacurtainpoles.uk\/wp-content\/uploads\/2016\/09\/foundry-melted-brass-1100.jpg\" rel=\"noreferrer\" data-rel=\"iLightbox[gallery_image_1]\" class=\"fusion-lightbox\" target=\"_self\"><img decoding=\"async\" src=\"https:\/\/variacurtainpoles.uk\/wp-content\/uploads\/2016\/09\/foundry-melted-brass-1100.jpg\" width=\"1100\" height=\"1467\" alt=\"\" title=\"Gie\u00dferei-Messing-geschmolzen-1100\" aria-label=\"Gie\u00dferei-Messing-geschmolzen-1100\" class=\"img-responsive wp-image-12344\" srcset=\"https:\/\/variacurtainpoles.uk\/wp-content\/uploads\/2016\/09\/foundry-melted-brass-1100-200x267.jpg 200w, https:\/\/variacurtainpoles.uk\/wp-content\/uploads\/2016\/09\/foundry-melted-brass-1100-400x533.jpg 400w, https:\/\/variacurtainpoles.uk\/wp-content\/uploads\/2016\/09\/foundry-melted-brass-1100-600x800.jpg 600w, https:\/\/variacurtainpoles.uk\/wp-content\/uploads\/2016\/09\/foundry-melted-brass-1100-800x1067.jpg 800w, https:\/\/variacurtainpoles.uk\/wp-content\/uploads\/2016\/09\/foundry-melted-brass-1100.jpg 1100w\" sizes=\"(min-width: 2200px) 100vw, (min-width: 784px) 363px, (min-width: 712px) 545px, (min-width: 640px) 712px, \" \/><\/a><\/div><\/div><div style=\"padding:5px;\" class=\"fusion-grid-column fusion-gallery-column fusion-gallery-column-3 hover-type-none\"><div class=\"fusion-gallery-image\"><a href=\"https:\/\/variacurtainpoles.uk\/wp-content\/uploads\/2016\/09\/foundry-fire-1100.jpg\" rel=\"noreferrer\" data-rel=\"iLightbox[gallery_image_1]\" class=\"fusion-lightbox\" target=\"_self\"><img decoding=\"async\" src=\"https:\/\/variacurtainpoles.uk\/wp-content\/uploads\/2016\/09\/foundry-fire-1100.jpg\" width=\"1100\" height=\"1467\" alt=\"\" title=\"Gie\u00dferei-Feuer-1100\" aria-label=\"Gie\u00dferei-Feuer-1100\" class=\"img-responsive wp-image-12343\" srcset=\"https:\/\/variacurtainpoles.uk\/wp-content\/uploads\/2016\/09\/foundry-fire-1100-200x267.jpg 200w, https:\/\/variacurtainpoles.uk\/wp-content\/uploads\/2016\/09\/foundry-fire-1100-400x533.jpg 400w, https:\/\/variacurtainpoles.uk\/wp-content\/uploads\/2016\/09\/foundry-fire-1100-600x800.jpg 600w, https:\/\/variacurtainpoles.uk\/wp-content\/uploads\/2016\/09\/foundry-fire-1100-800x1067.jpg 800w, https:\/\/variacurtainpoles.uk\/wp-content\/uploads\/2016\/09\/foundry-fire-1100.jpg 1100w\" sizes=\"(min-width: 2200px) 100vw, (min-width: 784px) 363px, (min-width: 712px) 545px, (min-width: 640px) 712px, \" \/><\/a><\/div><\/div><div class=\"clearfix\"><\/div><div style=\"padding:5px;\" class=\"fusion-grid-column fusion-gallery-column fusion-gallery-column-3 hover-type-none\"><div class=\"fusion-gallery-image\"><a href=\"https:\/\/variacurtainpoles.uk\/wp-content\/uploads\/2016\/09\/Foundry-finials-forms-1100.jpg\" rel=\"noreferrer\" data-rel=\"iLightbox[gallery_image_1]\" class=\"fusion-lightbox\" target=\"_self\"><img decoding=\"async\" src=\"https:\/\/variacurtainpoles.uk\/wp-content\/uploads\/2016\/09\/Foundry-finials-forms-1100.jpg\" width=\"1100\" height=\"1467\" alt=\"\" title=\"Gie\u00dferei-finials-Formen-1100\" aria-label=\"Gie\u00dferei-finials-Formen-1100\" class=\"img-responsive wp-image-12342\" srcset=\"https:\/\/variacurtainpoles.uk\/wp-content\/uploads\/2016\/09\/Foundry-finials-forms-1100-200x267.jpg 200w, https:\/\/variacurtainpoles.uk\/wp-content\/uploads\/2016\/09\/Foundry-finials-forms-1100-400x533.jpg 400w, https:\/\/variacurtainpoles.uk\/wp-content\/uploads\/2016\/09\/Foundry-finials-forms-1100-600x800.jpg 600w, https:\/\/variacurtainpoles.uk\/wp-content\/uploads\/2016\/09\/Foundry-finials-forms-1100-800x1067.jpg 800w, https:\/\/variacurtainpoles.uk\/wp-content\/uploads\/2016\/09\/Foundry-finials-forms-1100.jpg 1100w\" sizes=\"(min-width: 2200px) 100vw, (min-width: 784px) 363px, (min-width: 712px) 545px, (min-width: 640px) 712px, \" \/><\/a><\/div><\/div><div style=\"padding:5px;\" class=\"fusion-grid-column fusion-gallery-column fusion-gallery-column-3 hover-type-none\"><div class=\"fusion-gallery-image\"><a href=\"https:\/\/variacurtainpoles.uk\/wp-content\/uploads\/2016\/09\/foundry-finial-form-1100.jpg\" rel=\"noreferrer\" data-rel=\"iLightbox[gallery_image_1]\" class=\"fusion-lightbox\" target=\"_self\"><img decoding=\"async\" src=\"https:\/\/variacurtainpoles.uk\/wp-content\/uploads\/2016\/09\/foundry-finial-form-1100.jpg\" width=\"1100\" height=\"1467\" alt=\"\" title=\"Gie\u00dferei-finial-Form-1100\" aria-label=\"Gie\u00dferei-finial-Form-1100\" class=\"img-responsive wp-image-12341\" srcset=\"https:\/\/variacurtainpoles.uk\/wp-content\/uploads\/2016\/09\/foundry-finial-form-1100-200x267.jpg 200w, https:\/\/variacurtainpoles.uk\/wp-content\/uploads\/2016\/09\/foundry-finial-form-1100-400x533.jpg 400w, https:\/\/variacurtainpoles.uk\/wp-content\/uploads\/2016\/09\/foundry-finial-form-1100-600x800.jpg 600w, https:\/\/variacurtainpoles.uk\/wp-content\/uploads\/2016\/09\/foundry-finial-form-1100-800x1067.jpg 800w, https:\/\/variacurtainpoles.uk\/wp-content\/uploads\/2016\/09\/foundry-finial-form-1100.jpg 1100w\" sizes=\"(min-width: 2200px) 100vw, (min-width: 784px) 363px, (min-width: 712px) 545px, (min-width: 640px) 712px, \" \/><\/a><\/div><\/div><div style=\"padding:5px;\" class=\"fusion-grid-column fusion-gallery-column fusion-gallery-column-3 hover-type-none\"><div class=\"fusion-gallery-image\"><a href=\"https:\/\/variacurtainpoles.uk\/wp-content\/uploads\/2016\/09\/Foundry-people-1100.jpg\" rel=\"noreferrer\" data-rel=\"iLightbox[gallery_image_1]\" class=\"fusion-lightbox\" target=\"_self\"><img decoding=\"async\" src=\"https:\/\/variacurtainpoles.uk\/wp-content\/uploads\/2016\/09\/Foundry-people-1100.jpg\" width=\"1100\" height=\"1467\" alt=\"\" title=\"Gie\u00dferei-Menschen-1100\" aria-label=\"Gie\u00dferei-Menschen-1100\" class=\"img-responsive wp-image-12346\" srcset=\"https:\/\/variacurtainpoles.uk\/wp-content\/uploads\/2016\/09\/Foundry-people-1100-200x267.jpg 200w, https:\/\/variacurtainpoles.uk\/wp-content\/uploads\/2016\/09\/Foundry-people-1100-400x533.jpg 400w, https:\/\/variacurtainpoles.uk\/wp-content\/uploads\/2016\/09\/Foundry-people-1100-600x800.jpg 600w, https:\/\/variacurtainpoles.uk\/wp-content\/uploads\/2016\/09\/Foundry-people-1100-800x1067.jpg 800w, https:\/\/variacurtainpoles.uk\/wp-content\/uploads\/2016\/09\/Foundry-people-1100.jpg 1100w\" sizes=\"(min-width: 2200px) 100vw, (min-width: 784px) 363px, (min-width: 712px) 545px, (min-width: 640px) 712px, \" \/><\/a><\/div><\/div><div class=\"clearfix\"><\/div><\/div><\/div><div class=\"fusion-clearfix\"><\/div><\/div><\/div><\/div><\/div>","protected":false},"excerpt":{"rendered":"","protected":false},"author":1,"featured_media":0,"parent":0,"menu_order":0,"comment_status":"closed","ping_status":"closed","template":"","meta":{"footnotes":""},"_links":{"self":[{"href":"https:\/\/variacurtainpoles.uk\/de\/wp-json\/wp\/v2\/pages\/12326"}],"collection":[{"href":"https:\/\/variacurtainpoles.uk\/de\/wp-json\/wp\/v2\/pages"}],"about":[{"href":"https:\/\/variacurtainpoles.uk\/de\/wp-json\/wp\/v2\/types\/page"}],"author":[{"embeddable":true,"href":"https:\/\/variacurtainpoles.uk\/de\/wp-json\/wp\/v2\/users\/1"}],"replies":[{"embeddable":true,"href":"https:\/\/variacurtainpoles.uk\/de\/wp-json\/wp\/v2\/comments?post=12326"}],"version-history":[{"count":21,"href":"https:\/\/variacurtainpoles.uk\/de\/wp-json\/wp\/v2\/pages\/12326\/revisions"}],"predecessor-version":[{"id":13510,"href":"https:\/\/variacurtainpoles.uk\/de\/wp-json\/wp\/v2\/pages\/12326\/revisions\/13510"}],"wp:attachment":[{"href":"https:\/\/variacurtainpoles.uk\/de\/wp-json\/wp\/v2\/media?parent=12326"}],"curies":[{"name":"wp","href":"https:\/\/api.w.org\/{rel}","templated":true}]}}